{"id":22626,"date":"2022-07-28T13:30:37","date_gmt":"2022-07-28T13:30:37","guid":{"rendered":"https:\/\/test.cardiacinstitute.bg\/?page_id=22626"},"modified":"2022-08-05T09:25:38","modified_gmt":"2022-08-05T09:25:38","slug":"management","status":"publish","type":"page","link":"https:\/\/test.cardiacinstitute.bg\/tr\/about\/management\/","title":{"rendered":"Y\u00f6netim"},"content":{"rendered":"<div class=\"wpb-content-wrapper\"><p>[mk_page_section bg_color=&#8221;#1e73be&#8221; padding_top=&#8221;40&#8243; padding_bottom=&#8221;40&#8243; sidebar=&#8221;sidebar-1&#8243;][vc_column][mk_fancy_title tag_name=&#8221;h4&#8243; color=&#8221;#ffffff&#8221; size=&#8221;48&#8243; force_font_size=&#8221;true&#8221; size_tablet=&#8221;40&#8243; font_weight=&#8221;400&#8243; txt_transform=&#8221;uppercase&#8221; margin_top=&#8221;15&#8243; margin_bottom=&#8221;0&#8243; font_family=&#8221;Open+Sans&#8221; font_type=&#8221;google&#8221; align=&#8221;center&#8221; animation=&#8221;top-to-bottom&#8221;]Y\u00f6netim[\/mk_fancy_title][\/vc_column][\/mk_page_section][vc_row][vc_column][mk_padding_divider size=&#8221;60&#8243;]\n<section class=\"content-area\">\n\t\t\n            <div class=\"cpt-cards column-three\">\n\t\t\t\t\n<article class=\"cpt-card employee-card\" itemscope itemtype=\"http:\/\/schema.org\/Person\">\n\t        <picture class=\"thumbnail\">\n\t\t\t<img fetchpriority=\"high\" decoding=\"async\" width=\"500\" height=\"500\" src=\"https:\/\/test.cardiacinstitute.bg\/wp-content\/uploads\/2022\/10\/tihomir_kamenov-500x500.jpg\" class=\"attachment-employees-large size-employees-large wp-post-image\" alt=\"\" srcset=\"https:\/\/test.cardiacinstitute.bg\/wp-content\/uploads\/2022\/10\/tihomir_kamenov-500x500.jpg 500w, https:\/\/test.cardiacinstitute.bg\/wp-content\/uploads\/2022\/10\/tihomir_kamenov-300x300.jpg 300w, https:\/\/test.cardiacinstitute.bg\/wp-content\/uploads\/2022\/10\/tihomir_kamenov-150x150.jpg 150w, https:\/\/test.cardiacinstitute.bg\/wp-content\/uploads\/2022\/10\/tihomir_kamenov-600x600.jpg 600w, https:\/\/test.cardiacinstitute.bg\/wp-content\/uploads\/2022\/10\/tihomir_kamenov.jpg 531w\" sizes=\"(max-width: 500px) 100vw, 500px\" itemprop=\"image\" \/>        <\/picture>\n        <div class=\"cpt-card-content\">\n            <h2 itemprop=\"name\">Tihomir Kamenov<\/h2>\n\t\t\t\n\t\t\t                <div itemprop=\"knowsAbout\"><em>Bulgaristan Kardiyoloji Enstit\u00fcs\u00fc'n\u00fcn kurucusu ve ilk y\u00f6netim kurulu ba\u015fkan\u0131<\/em>\r\n\r\nAvukat, kamu ve \u00f6zel uluslararas\u0131 hukuk uzman\u0131, Ticari Lig'in sa\u011fl\u0131k hizmetleri grubunun \u00f6nde gelen \u015firketlerinin kurucusu. Hasta memnuniyeti, sa\u011fl\u0131k hizmetlerinde kalite, t\u0131bbi yenilik ve e\u011fitim konular\u0131na odaklanan vizyoner ve kurumsal geli\u015fim stratejisti.<\/div>\n\t\t\t\n\n        <\/div><!-- .card-content -->\n\t\t    <div class=\"employee-social-links\"><ul class=\"mk-employeee-networks s_meta\"><\/ul><\/span><\/div>\n\n<\/article><!-- .card -->\n<article class=\"cpt-card employee-card\" itemscope itemtype=\"http:\/\/schema.org\/Person\">\n\t        <picture class=\"thumbnail\">\n\t\t\t<img decoding=\"async\" width=\"500\" height=\"500\" src=\"https:\/\/test.cardiacinstitute.bg\/wp-content\/uploads\/2025\/01\/toni-vekov-500x500.jpg\" class=\"attachment-employees-large size-employees-large wp-post-image\" alt=\"\" srcset=\"https:\/\/test.cardiacinstitute.bg\/wp-content\/uploads\/2025\/01\/toni-vekov-500x500.jpg 500w, https:\/\/test.cardiacinstitute.bg\/wp-content\/uploads\/2025\/01\/toni-vekov-300x300.jpg 300w, https:\/\/test.cardiacinstitute.bg\/wp-content\/uploads\/2025\/01\/toni-vekov-150x150.jpg 150w, https:\/\/test.cardiacinstitute.bg\/wp-content\/uploads\/2025\/01\/toni-vekov-600x600.jpg 600w, https:\/\/test.cardiacinstitute.bg\/wp-content\/uploads\/2025\/01\/toni-vekov.jpg 555w\" sizes=\"(max-width: 500px) 100vw, 500px\" itemprop=\"image\" \/>        <\/picture>\n        <div class=\"cpt-card-content\">\n            <h2 itemprop=\"name\">Prof. Toni Vekov<\/h2>\n\t\t\t\n\t\t\t                <div itemprop=\"knowsAbout\"><em>Bulgaristan Kalp Enstit\u00fcs\u00fc Y\u00f6netim Kurulu Ba\u015fkan\u0131<\/em>\r\n\r\nHalk Sa\u011fl\u0131\u011f\u0131 ve Sa\u011fl\u0131k Y\u00f6netimi, Sa\u011fl\u0131k Ekonomisi ve Organizasyonu ve ila\u00e7 \u00fcretim ekonomisi profes\u00f6r\u00fcd\u00fcr. Sosyal T\u0131p ve Sa\u011fl\u0131k ve Eczac\u0131l\u0131k Organizasyonu alan\u0131nda Bilim Doktoru derecesini ba\u015far\u0131yla savunmu\u015ftur. Ulusal ve uluslararas\u0131 dergilerde 370'in \u00fczerinde yay\u0131n\u0131, 22 ders kitab\u0131 ve 12 monografinin yazar\u0131 ve Avrupa Halk Sa\u011fl\u0131\u011f\u0131 Derne\u011fi \u00fcyesidir. Sa\u011fl\u0131k sigortas\u0131, hastane t\u0131bbi bak\u0131m\u0131 ve t\u0131bbi \u00fcr\u00fcn ve hizmetlerin pazarlanmas\u0131 alan\u0131nda uzun y\u0131llara dayanan y\u00f6netim deneyimine sahiptir. Toni halen Bulgaristan Kardiyak Enstit\u00fcs\u00fc'n\u00fcn az\u0131nl\u0131k hissedar\u0131d\u0131r.<\/div>\n\t\t\t\n\n        <\/div><!-- .card-content -->\n\t\t    <div class=\"employee-social-links\"><ul class=\"mk-employeee-networks s_meta\"><\/ul><\/span><\/div>\n\n<\/article><!-- .card -->\n<article class=\"cpt-card employee-card\" itemscope itemtype=\"http:\/\/schema.org\/Person\">\n\t        <picture class=\"thumbnail\">\n\t\t\t<img decoding=\"async\" width=\"500\" height=\"500\" src=\"https:\/\/test.cardiacinstitute.bg\/wp-content\/uploads\/2026\/02\/natalia-chilingirova-1-500x500.jpg\" class=\"attachment-employees-large size-employees-large wp-post-image\" alt=\"\" srcset=\"https:\/\/test.cardiacinstitute.bg\/wp-content\/uploads\/2026\/02\/natalia-chilingirova-1-500x500.jpg 500w, https:\/\/test.cardiacinstitute.bg\/wp-content\/uploads\/2026\/02\/natalia-chilingirova-1-300x300.jpg 300w, https:\/\/test.cardiacinstitute.bg\/wp-content\/uploads\/2026\/02\/natalia-chilingirova-1-150x150.jpg 150w, https:\/\/test.cardiacinstitute.bg\/wp-content\/uploads\/2026\/02\/natalia-chilingirova-1-600x600.jpg 600w, https:\/\/test.cardiacinstitute.bg\/wp-content\/uploads\/2026\/02\/natalia-chilingirova-1.jpg 555w\" sizes=\"(max-width: 500px) 100vw, 500px\" itemprop=\"image\" \/>        <\/picture>\n        <div class=\"cpt-card-content\">\n            <h2 itemprop=\"name\">Prof. Natalia Chilingirova<\/h2>\n\t\t\t\n\t\t\t                <div itemprop=\"knowsAbout\"><em>Bulgaristan Kardiyoloji Enstit\u00fcs\u00fc CEO\u2019su<\/em>\r\n\r\nT\u0131bbi Onkoloji Profes\u00f6r\u00fc ve Bulgar ve uluslararas\u0131 \u00f6\u011frenciler i\u00e7in \u00f6\u011fretim g\u00f6revlisi. \u0130svi\u00e7re ve Avusturya'da uzmanl\u0131k e\u011fitimi alm\u0131\u015f ve ABD'deki MSKCC dahil olmak \u00fczere d\u00fcnyan\u0131n en prestijli onkoloji merkezlerinde \u00e7ok say\u0131da e\u011fitim program\u0131 ve semineri ba\u015far\u0131yla tamamlam\u0131\u015ft\u0131r. Onun liderli\u011finde, \u201cKalp ve Beyin\u201d Onkoloji Merkezi, Avrupa'n\u0131n en b\u00fcy\u00fck onkoloji merkezleri ve enstit\u00fcleri a\u011f\u0131 (OECI) b\u00fcnyesine kat\u0131lm\u0131\u015ft\u0131r. ESMO, ASCO, Bulgaristan Onkoloji Derne\u011fi, Onkoloji E\u011fitim Akademisi gibi Bulgaristan ve uluslararas\u0131 bilimsel derneklerin \u00fcyesidir ve \u201cGen\u00e7 Onkologlar\u201d Kul\u00fcb\u00fc'n\u00fcn y\u00f6netim kurulunda g\u00f6rev yaparak gen\u00e7 hekimler i\u00e7in uluslararas\u0131 ve ulusal e\u011fitim toplant\u0131lar\u0131n\u0131n d\u00fczenlenmesini desteklemektedir. Bulgaristan ve uluslararas\u0131 dergi ve koleksiyonlarda 45'in \u00fczerinde bilimsel yay\u0131n\u0131n yazar\u0131d\u0131r.<\/div>\n\t\t\t\n\n        <\/div><!-- .card-content -->\n\t\t    <div class=\"employee-social-links\"><ul class=\"mk-employeee-networks s_meta\"><\/ul><\/span><\/div>\n\n<\/article><!-- .card -->            <\/div><!-- .cards -->\n\t\t\t<\/section><!-- .content-area -->[\/vc_column][\/vc_row][vc_row][vc_column][mk_padding_divider size=&#8221;60&#8243;][\/vc_column][\/vc_row]<\/p>\n<\/div>","protected":false},"excerpt":{"rendered":"<p>[mk_page_section bg_color=&#8221;#1e73be&#8221; padding_top=&#8221;40&#8243; padding_bottom=&#8221;40&#8243; sidebar=&#8221;sidebar-1&#8243;][vc_column][mk_fancy_title tag_name=&#8221;h4&#8243; color=&#8221;#ffffff&#8221; size=&#8221;48&#8243; force_font_size=&#8221;true&#8221; size_tablet=&#8221;40&#8243; font_weight=&#8221;400&#8243; txt_transform=&#8221;uppercase&#8221; margin_top=&#8221;15&#8243; margin_bottom=&#8221;0&#8243; font_family=&#8221;Open+Sans&#8221; font_type=&#8221;google&#8221; align=&#8221;center&#8221; animation=&#8221;top-to-bottom&#8221;]Y\u00f6netim[\/mk_fancy_title][\/vc_column][\/mk_page_section][vc_row][vc_column][mk_padding_divider size=&#8221;60&#8243;][\/vc_column][\/vc_row][vc_row][vc_column][mk_padding_divider size=&#8221;60&#8243;][\/vc_column][\/vc_row]<\/p>\n","protected":false},"author":1,"featured_media":0,"parent":22584,"menu_order":2,"comment_status":"closed","ping_status":"closed","template":"full-width.php","meta":{"_acf_changed":false,"_eb_attr":"","rs_blank_template":"","rs_page_bg_color":"","slide_template_v7":"","footnotes":""},"class_list":["post-22626","page","type-page","status-publish","hentry"],"acf":[],"_links":{"self":[{"href":"https:\/\/test.cardiacinstitute.bg\/tr\/wp-json\/wp\/v2\/pages\/22626","targetHints":{"allow":["GET"]}}],"collection":[{"href":"https:\/\/test.cardiacinstitute.bg\/tr\/wp-json\/wp\/v2\/pages"}],"about":[{"href":"https:\/\/test.cardiacinstitute.bg\/tr\/wp-json\/wp\/v2\/types\/page"}],"author":[{"embeddable":true,"href":"https:\/\/test.cardiacinstitute.bg\/tr\/wp-json\/wp\/v2\/users\/1"}],"replies":[{"embeddable":true,"href":"https:\/\/test.cardiacinstitute.bg\/tr\/wp-json\/wp\/v2\/comments?post=22626"}],"version-history":[{"count":4,"href":"https:\/\/test.cardiacinstitute.bg\/tr\/wp-json\/wp\/v2\/pages\/22626\/revisions"}],"predecessor-version":[{"id":23199,"href":"https:\/\/test.cardiacinstitute.bg\/tr\/wp-json\/wp\/v2\/pages\/22626\/revisions\/23199"}],"up":[{"embeddable":true,"href":"https:\/\/test.cardiacinstitute.bg\/tr\/wp-json\/wp\/v2\/pages\/22584"}],"wp:attachment":[{"href":"https:\/\/test.cardiacinstitute.bg\/tr\/wp-json\/wp\/v2\/media?parent=22626"}],"curies":[{"name":"wp","href":"https:\/\/api.w.org\/{rel}","templated":true}]}}