{"id":24973,"date":"2022-08-19T11:09:58","date_gmt":"2022-08-19T11:09:58","guid":{"rendered":"https:\/\/test.cardiacinstitute.bg\/?page_id=24973"},"modified":"2025-02-04T09:53:09","modified_gmt":"2025-02-04T09:53:09","slug":"physical-therapy-and-rehabilitation-department","status":"publish","type":"page","link":"https:\/\/test.cardiacinstitute.bg\/ro\/hospitals-and-centers\/heart-and-brain-center-of-excellence-burgas\/clinics-and-departments\/physical-therapy-and-rehabilitation-department\/","title":{"rendered":"Fizioterapie \u0219i reabilitare"},"content":{"rendered":"<div class=\"wpb-content-wrapper\"><p>[mk_page_section bg_color=&#8221;#1e73be&#8221; padding_top=&#8221;40&#8243; padding_bottom=&#8221;40&#8243; sidebar=&#8221;sidebar-1&#8243;][vc_column][mk_fancy_title tag_name=&#8221;h4&#8243; color=&#8221;#ffffff&#8221; size=&#8221;48&#8243; force_font_size=&#8221;true&#8221; size_tablet=&#8221;40&#8243; font_weight=&#8221;400&#8243; txt_transform=&#8221;uppercase&#8221; margin_top=&#8221;15&#8243; margin_bottom=&#8221;0&#8243; font_family=&#8221;Open+Sans&#8221; font_type=&#8221;google&#8221; align=&#8221;center&#8221; animation=&#8221;top-to-bottom&#8221;]Fizioterapie \u0219i reabilitare[\/mk_fancy_title][\/vc_column][\/mk_page_section][vc_row][vc_column][mk_padding_divider][vc_column_text css=&#8221;.vc_custom_1660907440277{margin-bottom: 0px !important;}&#8221;]<strong>Despre sectie:<\/strong><br \/>\nSectia de Kinetoterapie \u0219i Medicina Recuper\u0103rii efectueaz\u0103 fizioterapie \u0219i reabilitare complex\u0103 \u00een conformitate cu ultimele tendin\u021be interna\u021bionale. Sec\u021bia are 20 de paturi \u0219i o gam\u0103 complet\u0103 de echipamente pentru deservirea pacien\u021bilor spitalului.<\/p>\n<p>Metodele de tratament de ultim\u0103 or\u0103 sunt terapia cu laser de \u00eenalt\u0103 energie \u0219i stimularea electromagnetic\u0103 transcranian\u0103. Pacien\u021bii cu boli ale sistemului nervos central \u0219i periferic, ale sistemului musculo-scheletic, pacien\u021bii dup\u0103 interven\u021bii chirurgicale etc. sunt trata\u021bi clinic \u0219i ambulatoriu.<\/p>\n<p>\u015eeful sec\u0163iei, conf. univ. Prof. Todorov, este un specialist de top \u00een domeniul medicinei manuale, terapiei cu laser \u0219i terapiei prin infiltrare.[\/vc_column_text][mk_padding_divider size=&#8221;120&#8243;]\n<section class=\"content-area\">\n\t\t\n            <div class=\"cpt-cards column-four\">\n\t\t\t\t\n<article class=\"cpt-card employee-card\" itemscope itemtype=\"http:\/\/schema.org\/Person\">\n\t<link itemprop=\"sameAs\" href=\"https:\/\/test.cardiacinstitute.bg\/ro\/team\/ilia-todorov\/\"\/>\n    <a href=\"https:\/\/test.cardiacinstitute.bg\/ro\/team\/ilia-todorov\/\">\n\t\t        <picture class=\"thumbnail\">\n\t\t\t<img fetchpriority=\"high\" decoding=\"async\" width=\"500\" height=\"500\" src=\"https:\/\/test.cardiacinstitute.bg\/wp-content\/uploads\/2022\/02\/dr-iliya-todorov-500x500.jpg\" class=\"attachment-employees-large size-employees-large wp-post-image\" alt=\"\" srcset=\"https:\/\/test.cardiacinstitute.bg\/wp-content\/uploads\/2022\/02\/dr-iliya-todorov-500x500.jpg 500w, https:\/\/test.cardiacinstitute.bg\/wp-content\/uploads\/2022\/02\/dr-iliya-todorov-300x300.jpg 300w, https:\/\/test.cardiacinstitute.bg\/wp-content\/uploads\/2022\/02\/dr-iliya-todorov-150x150.jpg 150w, https:\/\/test.cardiacinstitute.bg\/wp-content\/uploads\/2022\/02\/dr-iliya-todorov-266x266.jpg 266w, https:\/\/test.cardiacinstitute.bg\/wp-content\/uploads\/2022\/02\/dr-iliya-todorov-600x600.jpg 600w, https:\/\/test.cardiacinstitute.bg\/wp-content\/uploads\/2022\/02\/dr-iliya-todorov.jpg 555w\" sizes=\"(max-width: 500px) 100vw, 500px\" itemprop=\"image\" \/>        <\/picture>\n        <div class=\"cpt-card-content\">\n            <h2 itemprop=\"name\">Assoc. Prof. Ilia Todorov, MD, PhD<\/h2>\n\t\t\t                <div itemprop=\"jobTitle\">fizioterapeut<\/div>\n\t\t\t\n\t\t\t                <div itemprop=\"knowsAbout\"><\/div>\n\t\t\t\n\n        <\/div><!-- .card-content -->\n\t\t    <\/a>\n    <div class=\"employee-social-links\"><ul class=\"mk-employeee-networks s_meta\"><li><a target=\"_blank\" href=\"mailto:&#105;.&#116;&#111;d&#111;&#114;&#111;&#118;.bs&#64;&#104;&#101;&#97;&#114;&#116;&#97;&#110;&#100;&#98;&#114;ai&#110;.&#98;&#103;\" title=\"Get In Touch With Assoc. Prof. Ilia Todorov, MD, PhD\"><i class=\"fa fa-envelope\"><\/i><\/a><\/li><\/ul><\/span><\/div>\n\n<\/article><!-- .card -->\n<article class=\"cpt-card employee-card\" itemscope itemtype=\"http:\/\/schema.org\/Person\">\n\t<link itemprop=\"sameAs\" href=\"https:\/\/test.cardiacinstitute.bg\/ro\/team\/gergana-angelova-popova\/\"\/>\n    <a href=\"https:\/\/test.cardiacinstitute.bg\/ro\/team\/gergana-angelova-popova\/\">\n\t\t        <picture class=\"thumbnail\">\n\t\t\t<img decoding=\"async\" width=\"500\" height=\"500\" src=\"https:\/\/test.cardiacinstitute.bg\/wp-content\/uploads\/2025\/11\/gergana-popova-fizioterapevt-500x500.jpg\" class=\"attachment-employees-large size-employees-large wp-post-image\" alt=\"\" srcset=\"https:\/\/test.cardiacinstitute.bg\/wp-content\/uploads\/2025\/11\/gergana-popova-fizioterapevt-500x500.jpg 500w, https:\/\/test.cardiacinstitute.bg\/wp-content\/uploads\/2025\/11\/gergana-popova-fizioterapevt-300x300.jpg 300w, https:\/\/test.cardiacinstitute.bg\/wp-content\/uploads\/2025\/11\/gergana-popova-fizioterapevt-150x150.jpg 150w, https:\/\/test.cardiacinstitute.bg\/wp-content\/uploads\/2025\/11\/gergana-popova-fizioterapevt-600x600.jpg 600w, https:\/\/test.cardiacinstitute.bg\/wp-content\/uploads\/2025\/11\/gergana-popova-fizioterapevt.jpg 550w\" sizes=\"(max-width: 500px) 100vw, 500px\" itemprop=\"image\" \/>        <\/picture>\n        <div class=\"cpt-card-content\">\n            <h2 itemprop=\"name\">Assoc. Prof. Gergana Angelova\u2013Popova<\/h2>\n\t\t\t                <div itemprop=\"jobTitle\">kinesiterapeut<\/div>\n\t\t\t\n\t\t\t                <div itemprop=\"knowsAbout\"><\/div>\n\t\t\t\n\n        <\/div><!-- .card-content -->\n\t\t    <\/a>\n    <div class=\"employee-social-links\"><ul class=\"mk-employeee-networks s_meta\"><li><a target=\"_blank\" href=\"mailto:g&#46;a&#110;&#103;elov&#97;&#46;bs&#64;&#104;&#101;artand&#98;&#114;ai&#110;.b&#103;\" title=\"Get In Touch With Assoc. Prof. Gergana Angelova\u2013Popova\"><i class=\"fa fa-envelope\"><\/i><\/a><\/li><\/ul><\/span><\/div>\n\n<\/article><!-- .card -->\n<article class=\"cpt-card employee-card\" itemscope itemtype=\"http:\/\/schema.org\/Person\">\n\t<link itemprop=\"sameAs\" href=\"https:\/\/test.cardiacinstitute.bg\/ro\/team\/sonya-popova\/\"\/>\n    <a href=\"https:\/\/test.cardiacinstitute.bg\/ro\/team\/sonya-popova\/\">\n\t\t        <picture class=\"thumbnail\">\n\t\t\t<img decoding=\"async\" width=\"500\" height=\"500\" src=\"https:\/\/test.cardiacinstitute.bg\/wp-content\/uploads\/2022\/10\/dr-sonya-popova-500x500.jpg\" class=\"attachment-employees-large size-employees-large wp-post-image\" alt=\"\" srcset=\"https:\/\/test.cardiacinstitute.bg\/wp-content\/uploads\/2022\/10\/dr-sonya-popova-500x500.jpg 500w, https:\/\/test.cardiacinstitute.bg\/wp-content\/uploads\/2022\/10\/dr-sonya-popova-300x300.jpg 300w, https:\/\/test.cardiacinstitute.bg\/wp-content\/uploads\/2022\/10\/dr-sonya-popova-150x150.jpg 150w, https:\/\/test.cardiacinstitute.bg\/wp-content\/uploads\/2022\/10\/dr-sonya-popova-600x600.jpg 600w, https:\/\/test.cardiacinstitute.bg\/wp-content\/uploads\/2022\/10\/dr-sonya-popova.jpg 555w\" sizes=\"(max-width: 500px) 100vw, 500px\" itemprop=\"image\" \/>        <\/picture>\n        <div class=\"cpt-card-content\">\n            <h2 itemprop=\"name\">Sonya Popova, MD<\/h2>\n\t\t\t                <div itemprop=\"jobTitle\">fiziolog<\/div>\n\t\t\t\n\t\t\t                <div itemprop=\"knowsAbout\"><\/div>\n\t\t\t\n\n        <\/div><!-- .card-content -->\n\t\t    <\/a>\n    <div class=\"employee-social-links\"><ul class=\"mk-employeee-networks s_meta\"><li><a target=\"_blank\" href=\"mailto:s.po&#112;o&#118;&#97;&#46;bs&#64;&#104;&#101;&#97;rta&#110;d&#98;rai&#110;.b&#103;\" title=\"Get In Touch With Sonya Popova, MD\"><i class=\"fa fa-envelope\"><\/i><\/a><\/li><\/ul><\/span><\/div>\n\n<\/article><!-- .card -->\n<article class=\"cpt-card employee-card\" itemscope itemtype=\"http:\/\/schema.org\/Person\">\n\t<link itemprop=\"sameAs\" href=\"https:\/\/test.cardiacinstitute.bg\/ro\/team\/silvia-ruseva\/\"\/>\n    <a href=\"https:\/\/test.cardiacinstitute.bg\/ro\/team\/silvia-ruseva\/\">\n\t\t        <picture class=\"thumbnail\">\n\t\t\t<img loading=\"lazy\" decoding=\"async\" width=\"500\" height=\"500\" src=\"https:\/\/test.cardiacinstitute.bg\/wp-content\/uploads\/2022\/10\/dr-silvia-ruseva-500x500.jpg\" class=\"attachment-employees-large size-employees-large wp-post-image\" alt=\"\" srcset=\"https:\/\/test.cardiacinstitute.bg\/wp-content\/uploads\/2022\/10\/dr-silvia-ruseva-500x500.jpg 500w, https:\/\/test.cardiacinstitute.bg\/wp-content\/uploads\/2022\/10\/dr-silvia-ruseva-300x300.jpg 300w, https:\/\/test.cardiacinstitute.bg\/wp-content\/uploads\/2022\/10\/dr-silvia-ruseva-150x150.jpg 150w, https:\/\/test.cardiacinstitute.bg\/wp-content\/uploads\/2022\/10\/dr-silvia-ruseva-600x600.jpg 600w, https:\/\/test.cardiacinstitute.bg\/wp-content\/uploads\/2022\/10\/dr-silvia-ruseva.jpg 555w\" sizes=\"(max-width: 500px) 100vw, 500px\" itemprop=\"image\" \/>        <\/picture>\n        <div class=\"cpt-card-content\">\n            <h2 itemprop=\"name\">Silvia Ruseva, MD<\/h2>\n\t\t\t                <div itemprop=\"jobTitle\">fiziolog<\/div>\n\t\t\t\n\t\t\t                <div itemprop=\"knowsAbout\"><\/div>\n\t\t\t\n\n        <\/div><!-- .card-content -->\n\t\t    <\/a>\n    <div class=\"employee-social-links\"><ul class=\"mk-employeee-networks s_meta\"><li><a target=\"_blank\" href=\"mailto:s&#46;&#114;&#117;&#115;eva.bs&#64;he&#97;r&#116;a&#110;&#100;b&#114;&#97;&#105;&#110;.b&#103;\" title=\"Get In Touch With Silvia Ruseva, MD\"><i class=\"fa fa-envelope\"><\/i><\/a><\/li><\/ul><\/span><\/div>\n\n<\/article><!-- .card -->\n<article class=\"cpt-card employee-card\" itemscope itemtype=\"http:\/\/schema.org\/Person\">\n\t<link itemprop=\"sameAs\" href=\"https:\/\/test.cardiacinstitute.bg\/ro\/team\/gabriela-angelova\/\"\/>\n    <a href=\"https:\/\/test.cardiacinstitute.bg\/ro\/team\/gabriela-angelova\/\">\n\t\t        <picture class=\"thumbnail\">\n\t\t\t<img loading=\"lazy\" decoding=\"async\" width=\"500\" height=\"500\" src=\"https:\/\/test.cardiacinstitute.bg\/wp-content\/uploads\/2024\/06\/gabriela_angelova-500x500.jpg\" class=\"attachment-employees-large size-employees-large wp-post-image\" alt=\"\" srcset=\"https:\/\/test.cardiacinstitute.bg\/wp-content\/uploads\/2024\/06\/gabriela_angelova-500x500.jpg 500w, https:\/\/test.cardiacinstitute.bg\/wp-content\/uploads\/2024\/06\/gabriela_angelova-300x300.jpg 300w, https:\/\/test.cardiacinstitute.bg\/wp-content\/uploads\/2024\/06\/gabriela_angelova-150x150.jpg 150w, https:\/\/test.cardiacinstitute.bg\/wp-content\/uploads\/2024\/06\/gabriela_angelova-600x600.jpg 600w, https:\/\/test.cardiacinstitute.bg\/wp-content\/uploads\/2024\/06\/gabriela_angelova.jpg 555w\" sizes=\"(max-width: 500px) 100vw, 500px\" itemprop=\"image\" \/>        <\/picture>\n        <div class=\"cpt-card-content\">\n            <h2 itemprop=\"name\">Gabriela Angelova, MD<\/h2>\n\t\t\t                <div itemprop=\"jobTitle\">rezident fizioterapie<\/div>\n\t\t\t\n\t\t\t                <div itemprop=\"knowsAbout\"><\/div>\n\t\t\t\n\n        <\/div><!-- .card-content -->\n\t\t    <\/a>\n    <div class=\"employee-social-links\"><ul class=\"mk-employeee-networks s_meta\"><li><a target=\"_blank\" href=\"mailto:ga&#46;&#97;n&#103;e&#108;&#111;&#118;a.bs&#64;he&#97;&#114;&#116;&#97;&#110;&#100;&#98;r&#97;&#105;&#110;&#46;&#98;g\" title=\"Get In Touch With Gabriela Angelova, MD\"><i class=\"fa fa-envelope\"><\/i><\/a><\/li><\/ul><\/span><\/div>\n\n<\/article><!-- .card -->\n<article class=\"cpt-card employee-card\" itemscope itemtype=\"http:\/\/schema.org\/Person\">\n\t<link itemprop=\"sameAs\" href=\"https:\/\/test.cardiacinstitute.bg\/ro\/team\/mariyana-angelova\/\"\/>\n    <a href=\"https:\/\/test.cardiacinstitute.bg\/ro\/team\/mariyana-angelova\/\">\n\t\t        <picture class=\"thumbnail\">\n\t\t\t<img loading=\"lazy\" decoding=\"async\" width=\"500\" height=\"500\" src=\"https:\/\/test.cardiacinstitute.bg\/wp-content\/uploads\/2024\/06\/mariyana_angelova-500x500.jpg\" class=\"attachment-employees-large size-employees-large wp-post-image\" alt=\"\" srcset=\"https:\/\/test.cardiacinstitute.bg\/wp-content\/uploads\/2024\/06\/mariyana_angelova-500x500.jpg 500w, https:\/\/test.cardiacinstitute.bg\/wp-content\/uploads\/2024\/06\/mariyana_angelova-300x300.jpg 300w, https:\/\/test.cardiacinstitute.bg\/wp-content\/uploads\/2024\/06\/mariyana_angelova-150x150.jpg 150w, https:\/\/test.cardiacinstitute.bg\/wp-content\/uploads\/2024\/06\/mariyana_angelova-600x600.jpg 600w, https:\/\/test.cardiacinstitute.bg\/wp-content\/uploads\/2024\/06\/mariyana_angelova.jpg 555w\" sizes=\"(max-width: 500px) 100vw, 500px\" itemprop=\"image\" \/>        <\/picture>\n        <div class=\"cpt-card-content\">\n            <h2 itemprop=\"name\">Mariyana Angelova, MD<\/h2>\n\t\t\t                <div itemprop=\"jobTitle\">rezident fizioterapie<\/div>\n\t\t\t\n\t\t\t                <div itemprop=\"knowsAbout\"><\/div>\n\t\t\t\n\n        <\/div><!-- .card-content -->\n\t\t    <\/a>\n    <div class=\"employee-social-links\"><ul class=\"mk-employeee-networks s_meta\"><li><a target=\"_blank\" href=\"mailto:&#109;&#46;a&#110;&#103;e&#108;o&#118;&#97;.b&#115;&#64;h&#101;art&#97;ndb&#114;&#97;&#105;&#110;.&#98;g\" title=\"Get In Touch With Mariyana Angelova, MD\"><i class=\"fa fa-envelope\"><\/i><\/a><\/li><\/ul><\/span><\/div>\n\n<\/article><!-- .card -->\n<article class=\"cpt-card employee-card\" itemscope itemtype=\"http:\/\/schema.org\/Person\">\n\t<link itemprop=\"sameAs\" href=\"https:\/\/test.cardiacinstitute.bg\/ro\/team\/angel-tengulov\/\"\/>\n    <a href=\"https:\/\/test.cardiacinstitute.bg\/ro\/team\/angel-tengulov\/\">\n\t\t        <picture class=\"thumbnail\">\n\t\t\t<img loading=\"lazy\" decoding=\"async\" width=\"500\" height=\"500\" src=\"https:\/\/test.cardiacinstitute.bg\/wp-content\/uploads\/2025\/10\/550x550-500x500.jpg\" class=\"attachment-employees-large size-employees-large wp-post-image\" alt=\"\" srcset=\"https:\/\/test.cardiacinstitute.bg\/wp-content\/uploads\/2025\/10\/550x550-500x500.jpg 500w, https:\/\/test.cardiacinstitute.bg\/wp-content\/uploads\/2025\/10\/550x550-300x300.jpg 300w, https:\/\/test.cardiacinstitute.bg\/wp-content\/uploads\/2025\/10\/550x550-150x150.jpg 150w, https:\/\/test.cardiacinstitute.bg\/wp-content\/uploads\/2025\/10\/550x550-600x600.jpg 600w, https:\/\/test.cardiacinstitute.bg\/wp-content\/uploads\/2025\/10\/550x550.jpg 550w\" sizes=\"(max-width: 500px) 100vw, 500px\" itemprop=\"image\" \/>        <\/picture>\n        <div class=\"cpt-card-content\">\n            <h2 itemprop=\"name\">Angel Tengulov, MD<\/h2>\n\t\t\t                <div itemprop=\"jobTitle\">rezident fizioterapie<\/div>\n\t\t\t\n\t\t\t                <div itemprop=\"knowsAbout\"><\/div>\n\t\t\t\n\n        <\/div><!-- .card-content -->\n\t\t    <\/a>\n    <div class=\"employee-social-links\"><ul class=\"mk-employeee-networks s_meta\"><li><a target=\"_blank\" href=\"mailto:a&#46;t&#101;&#110;&#103;u&#108;&#111;&#118;.&#98;&#115;&#64;h&#101;&#97;rt&#97;&#110;d&#98;ra&#105;n.&#98;&#103;\" title=\"Get In Touch With Angel Tengulov, MD\"><i class=\"fa fa-envelope\"><\/i><\/a><\/li><\/ul><\/span><\/div>\n\n<\/article><!-- .card -->\n<article class=\"cpt-card employee-card\" itemscope itemtype=\"http:\/\/schema.org\/Person\">\n\t<link itemprop=\"sameAs\" href=\"https:\/\/test.cardiacinstitute.bg\/ro\/team\/dayana-nikolova\/\"\/>\n    <a href=\"https:\/\/test.cardiacinstitute.bg\/ro\/team\/dayana-nikolova\/\">\n\t\t        <picture class=\"thumbnail\">\n\t\t\t<img loading=\"lazy\" decoding=\"async\" width=\"500\" height=\"500\" src=\"https:\/\/test.cardiacinstitute.bg\/wp-content\/uploads\/2025\/10\/550x550-1-500x500.jpg\" class=\"attachment-employees-large size-employees-large wp-post-image\" alt=\"\" srcset=\"https:\/\/test.cardiacinstitute.bg\/wp-content\/uploads\/2025\/10\/550x550-1-500x500.jpg 500w, https:\/\/test.cardiacinstitute.bg\/wp-content\/uploads\/2025\/10\/550x550-1-300x300.jpg 300w, https:\/\/test.cardiacinstitute.bg\/wp-content\/uploads\/2025\/10\/550x550-1-150x150.jpg 150w, https:\/\/test.cardiacinstitute.bg\/wp-content\/uploads\/2025\/10\/550x550-1-600x600.jpg 600w, https:\/\/test.cardiacinstitute.bg\/wp-content\/uploads\/2025\/10\/550x550-1.jpg 550w\" sizes=\"(max-width: 500px) 100vw, 500px\" itemprop=\"image\" \/>        <\/picture>\n        <div class=\"cpt-card-content\">\n            <h2 itemprop=\"name\">Dayana Nikolova, MD<\/h2>\n\t\t\t                <div itemprop=\"jobTitle\">rezident fizioterapie<\/div>\n\t\t\t\n\t\t\t                <div itemprop=\"knowsAbout\"><\/div>\n\t\t\t\n\n        <\/div><!-- .card-content -->\n\t\t    <\/a>\n    <div class=\"employee-social-links\"><ul class=\"mk-employeee-networks s_meta\"><li><a target=\"_blank\" href=\"mailto:daya.&#110;ik&#111;l&#111;va.&#98;s&#64;&#104;ea&#114;&#116;a&#110;d&#98;ra&#105;n.&#98;g\" title=\"Get In Touch With Dayana Nikolova, MD\"><i class=\"fa fa-envelope\"><\/i><\/a><\/li><\/ul><\/span><\/div>\n\n<\/article><!-- .card -->\n<article class=\"cpt-card employee-card\" itemscope itemtype=\"http:\/\/schema.org\/Person\">\n\t<link itemprop=\"sameAs\" href=\"https:\/\/test.cardiacinstitute.bg\/ro\/team\/melek-hyuseinova\/\"\/>\n    <a href=\"https:\/\/test.cardiacinstitute.bg\/ro\/team\/melek-hyuseinova\/\">\n\t\t        <picture class=\"thumbnail\">\n\t\t\t<img loading=\"lazy\" decoding=\"async\" width=\"500\" height=\"500\" src=\"https:\/\/test.cardiacinstitute.bg\/wp-content\/uploads\/2025\/11\/550x550-500x500.jpg\" class=\"attachment-employees-large size-employees-large wp-post-image\" alt=\"\" srcset=\"https:\/\/test.cardiacinstitute.bg\/wp-content\/uploads\/2025\/11\/550x550-500x500.jpg 500w, https:\/\/test.cardiacinstitute.bg\/wp-content\/uploads\/2025\/11\/550x550-300x300.jpg 300w, https:\/\/test.cardiacinstitute.bg\/wp-content\/uploads\/2025\/11\/550x550-150x150.jpg 150w, https:\/\/test.cardiacinstitute.bg\/wp-content\/uploads\/2025\/11\/550x550-600x600.jpg 600w, https:\/\/test.cardiacinstitute.bg\/wp-content\/uploads\/2025\/11\/550x550.jpg 550w\" sizes=\"(max-width: 500px) 100vw, 500px\" itemprop=\"image\" \/>        <\/picture>\n        <div class=\"cpt-card-content\">\n            <h2 itemprop=\"name\">Melek Hyuseinova, MD<\/h2>\n\t\t\t                <div itemprop=\"jobTitle\">rezident fizioterapie<\/div>\n\t\t\t\n\t\t\t                <div itemprop=\"knowsAbout\"><\/div>\n\t\t\t\n\n        <\/div><!-- .card-content -->\n\t\t    <\/a>\n    <div class=\"employee-social-links\"><ul class=\"mk-employeee-networks s_meta\"><li><a target=\"_blank\" href=\"mailto:&#109;.&#104;yusei&#110;&#111;v&#97;&#46;&#98;s&#64;&#104;&#101;&#97;r&#116;an&#100;&#98;rain&#46;&#98;&#103;\" title=\"Get In Touch With Melek Hyuseinova, MD\"><i class=\"fa fa-envelope\"><\/i><\/a><\/li><\/ul><\/span><\/div>\n\n<\/article><!-- .card -->            <\/div><!-- .cards -->\n\t\t\t<\/section><!-- .content-area -->[\/vc_column][\/vc_row]<\/p>\n<\/div>","protected":false},"excerpt":{"rendered":"<p>[mk_page_section bg_color=&#8221;#1e73be&#8221; padding_top=&#8221;40&#8243; padding_bottom=&#8221;40&#8243; sidebar=&#8221;sidebar-1&#8243;][vc_column][mk_fancy_title tag_name=&#8221;h4&#8243; color=&#8221;#ffffff&#8221; size=&#8221;48&#8243; force_font_size=&#8221;true&#8221; size_tablet=&#8221;40&#8243; font_weight=&#8221;400&#8243; txt_transform=&#8221;uppercase&#8221; margin_top=&#8221;15&#8243; margin_bottom=&#8221;0&#8243; font_family=&#8221;Open+Sans&#8221; font_type=&#8221;google&#8221; align=&#8221;center&#8221; animation=&#8221;top-to-bottom&#8221;]Fizioterapie \u0219i reabilitare[\/mk_fancy_title][\/vc_column][\/mk_page_section][vc_row][vc_column][mk_padding_divider][vc_column_text css=&#8221;.vc_custom_1660907440277{margin-bottom: 0px !important;}&#8221;]Despre sectie: Sectia de Kinetoterapie \u0219i Medicina Recuper\u0103rii efectueaz\u0103 fizioterapie \u0219i reabilitare complex\u0103 \u00een conformitate cu ultimele tendin\u021be interna\u021bionale. Sec\u021bia are 20 de paturi \u0219i o gam\u0103 complet\u0103 de echipamente pentru deservirea pacien\u021bilor [&hellip;]<\/p>\n","protected":false},"author":1,"featured_media":0,"parent":24880,"menu_order":0,"comment_status":"closed","ping_status":"closed","template":"full-width.php","meta":{"_acf_changed":false,"_eb_attr":"","rs_blank_template":"","rs_page_bg_color":"","slide_template_v7":"","footnotes":""},"class_list":["post-24973","page","type-page","status-publish","hentry"],"acf":[],"_links":{"self":[{"href":"https:\/\/test.cardiacinstitute.bg\/ro\/wp-json\/wp\/v2\/pages\/24973","targetHints":{"allow":["GET"]}}],"collection":[{"href":"https:\/\/test.cardiacinstitute.bg\/ro\/wp-json\/wp\/v2\/pages"}],"about":[{"href":"https:\/\/test.cardiacinstitute.bg\/ro\/wp-json\/wp\/v2\/types\/page"}],"author":[{"embeddable":true,"href":"https:\/\/test.cardiacinstitute.bg\/ro\/wp-json\/wp\/v2\/users\/1"}],"replies":[{"embeddable":true,"href":"https:\/\/test.cardiacinstitute.bg\/ro\/wp-json\/wp\/v2\/comments?post=24973"}],"version-history":[{"count":6,"href":"https:\/\/test.cardiacinstitute.bg\/ro\/wp-json\/wp\/v2\/pages\/24973\/revisions"}],"predecessor-version":[{"id":50010,"href":"https:\/\/test.cardiacinstitute.bg\/ro\/wp-json\/wp\/v2\/pages\/24973\/revisions\/50010"}],"up":[{"embeddable":true,"href":"https:\/\/test.cardiacinstitute.bg\/ro\/wp-json\/wp\/v2\/pages\/24880"}],"wp:attachment":[{"href":"https:\/\/test.cardiacinstitute.bg\/ro\/wp-json\/wp\/v2\/media?parent=24973"}],"curies":[{"name":"wp","href":"https:\/\/api.w.org\/{rel}","templated":true}]}}