{"id":24917,"date":"2022-08-19T09:59:44","date_gmt":"2022-08-19T09:59:44","guid":{"rendered":"https:\/\/test.cardiacinstitute.bg\/?page_id=24917"},"modified":"2025-11-29T10:31:23","modified_gmt":"2025-11-29T10:31:23","slug":"surgery-department","status":"publish","type":"page","link":"https:\/\/test.cardiacinstitute.bg\/ro\/hospitals-and-centers\/heart-and-brain-center-of-excellence-burgas\/clinics-and-departments\/surgery-department\/","title":{"rendered":"Chirurgie"},"content":{"rendered":"<div class=\"wpb-content-wrapper\"><p>[mk_page_section bg_color=&#8221;#1e73be&#8221; padding_top=&#8221;40&#8243; padding_bottom=&#8221;40&#8243; sidebar=&#8221;sidebar-1&#8243;][vc_column][mk_fancy_title tag_name=&#8221;h4&#8243; color=&#8221;#ffffff&#8221; size=&#8221;48&#8243; force_font_size=&#8221;true&#8221; size_tablet=&#8221;40&#8243; font_weight=&#8221;400&#8243; txt_transform=&#8221;uppercase&#8221; margin_top=&#8221;15&#8243; margin_bottom=&#8221;0&#8243; font_family=&#8221;Open+Sans&#8221; font_type=&#8221;google&#8221; align=&#8221;center&#8221; animation=&#8221;top-to-bottom&#8221;]Chirurgie[\/mk_fancy_title][\/vc_column][\/mk_page_section][vc_row][vc_column][mk_padding_divider][vc_column_text css=&#8221;.vc_custom_1764412277815{margin-bottom: 0px !important;}&#8221;]<strong>Despre departament:<\/strong><\/p>\n<p>Departamentul de chirurgie cardiac\u0103 \u0219i cerebral\u0103 din Burgas este dotat cu echipamente moderne \u0219i utilizeaz\u0103 metode minim invazive de ultim\u0103 genera\u021bie. Acesta dispune de o echip\u0103 de chirurgi experimenta\u021bi, cu specializare na\u021bional\u0103 \u0219i interna\u021bional\u0103, care aplic\u0103 cele mai \u00eenalte standarde de \u00eengrijire medical\u0103. Departamentul diagnosticheaz\u0103 \u0219i trateaz\u0103 afec\u021biuni ale esofagului, stomacului, intestinelor, rectului, vezicii biliare, ficatului, pancreasului, glandei tiroide \u0219i toate tipurile de hernii.<\/p>\n<p>Dispune de un sistem robotic DaVinci X, echipamente laparoscopice de ultim\u0103 genera\u021bie, aparate de \u00eenalt\u0103 frecven\u021b\u0103 \u0219i un distrug\u0103tor cu ultrasunete CUSA.<\/p>\n<p><strong>Activit\u0103\u021bi principale:<\/strong><\/p>\n<p>&#8211; Chirurgie oncologic\u0103 \u2013 chirurgie radical\u0103 \u0219i paliativ\u0103 pentru tumorile organelor abdominale, esofagului \u0219i glandei tiroide, \u00een str\u00e2ns\u0103 colaborare cu oncologii;<br \/>\n&#8211; Chirurgie hepatic\u0103 \u0219i pancreatic\u0103 \u2013 rezec\u021bii pentru tumori primare \u0219i metastatice, interven\u021bii complexe pentru cancerul pancreatic \u0219i al tractului biliar;<br \/>\n&#8211; Chirurgie gastrointestinal\u0103 \u2013 opera\u021bii pentru cancerul esofagului, stomacului, colonului \u0219i rectului;<br \/>\n&#8211; Chirurgie minim invaziv\u0103 \u0219i laparoscopic\u0103 \u2013 colecistectomii, hernioplastii, rezec\u021bii stomacale \u0219i intestinale, opera\u021bii la ficat, pancreas, apendice, splin\u0103, glande suprarenale. Avantaje: traume mai mici, recuperare mai rapid\u0103, rezultate cosmetice mai bune.<br \/>\n&#8211; Chirurgie robotic\u0103 \u2013 precizie \u0219i siguran\u021b\u0103 ridicate.<br \/>\n&#8211; Chirurgie endocrin\u0103 \u2013 opera\u021bii la tiroida, paratiroid\u0103 \u0219i glandele suprarenale.<br \/>\n&#8211; Hernii \u2013 tratament laparoscopic al herniilor inghinale, postoperatorii \u0219i diafragmatice.<br \/>\n&#8211; Chirurgie de urgen\u021b\u0103 \u2013 internare \u0219i tratament 24 de ore din 24 pentru apendicit\u0103, hernii \u00eencarcerate, perfora\u021bii, ileus \u0219i peritonit\u0103.[\/vc_column_text][mk_padding_divider size=&#8221;120&#8243;]\n<section class=\"content-area\">\n\t\t\n            <div class=\"cpt-cards column-four\">\n\t\t\t\t\n<article class=\"cpt-card employee-card\" itemscope itemtype=\"http:\/\/schema.org\/Person\">\n\t<link itemprop=\"sameAs\" href=\"https:\/\/test.cardiacinstitute.bg\/ro\/team\/daniel-kostov\/\"\/>\n    <a href=\"https:\/\/test.cardiacinstitute.bg\/ro\/team\/daniel-kostov\/\">\n\t\t        <picture class=\"thumbnail\">\n\t\t\t<img fetchpriority=\"high\" decoding=\"async\" width=\"500\" height=\"500\" src=\"https:\/\/test.cardiacinstitute.bg\/wp-content\/uploads\/2025\/09\/prof.-d.-kostov-oh-500x500.jpg\" class=\"attachment-employees-large size-employees-large wp-post-image\" alt=\"\" srcset=\"https:\/\/test.cardiacinstitute.bg\/wp-content\/uploads\/2025\/09\/prof.-d.-kostov-oh-500x500.jpg 500w, https:\/\/test.cardiacinstitute.bg\/wp-content\/uploads\/2025\/09\/prof.-d.-kostov-oh-300x300.jpg 300w, https:\/\/test.cardiacinstitute.bg\/wp-content\/uploads\/2025\/09\/prof.-d.-kostov-oh-150x150.jpg 150w, https:\/\/test.cardiacinstitute.bg\/wp-content\/uploads\/2025\/09\/prof.-d.-kostov-oh-600x600.jpg 600w, https:\/\/test.cardiacinstitute.bg\/wp-content\/uploads\/2025\/09\/prof.-d.-kostov-oh.jpg 550w\" sizes=\"(max-width: 500px) 100vw, 500px\" itemprop=\"image\" \/>        <\/picture>\n        <div class=\"cpt-card-content\">\n            <h2 itemprop=\"name\">Prof. Daniel Kostov<\/h2>\n\t\t\t                <div itemprop=\"jobTitle\">chirurg<\/div>\n\t\t\t\n\t\t\t                <div itemprop=\"knowsAbout\"><\/div>\n\t\t\t\n\n        <\/div><!-- .card-content -->\n\t\t    <\/a>\n    <div class=\"employee-social-links\"><ul class=\"mk-employeee-networks s_meta\"><li><a target=\"_blank\" href=\"mailto:&#100;.k&#111;&#115;&#116;&#111;&#118;.&#98;s&#64;h&#101;ar&#116;&#97;&#110;dbr&#97;i&#110;.bg\" title=\"Get In Touch With Prof. Daniel Kostov\"><i class=\"fa fa-envelope\"><\/i><\/a><\/li><\/ul><\/span><\/div>\n\n<\/article><!-- .card -->\n<article class=\"cpt-card employee-card\" itemscope itemtype=\"http:\/\/schema.org\/Person\">\n\t<link itemprop=\"sameAs\" href=\"https:\/\/test.cardiacinstitute.bg\/ro\/team\/krasimira-karakasheva\/\"\/>\n    <a href=\"https:\/\/test.cardiacinstitute.bg\/ro\/team\/krasimira-karakasheva\/\">\n\t\t        <picture class=\"thumbnail\">\n\t\t\t<img decoding=\"async\" width=\"500\" height=\"500\" src=\"https:\/\/test.cardiacinstitute.bg\/wp-content\/uploads\/2019\/11\/d-r-krasimira-karakasheva-500x500.jpg\" class=\"attachment-employees-large size-employees-large wp-post-image\" alt=\"\" srcset=\"https:\/\/test.cardiacinstitute.bg\/wp-content\/uploads\/2019\/11\/d-r-krasimira-karakasheva-500x500.jpg 500w, https:\/\/test.cardiacinstitute.bg\/wp-content\/uploads\/2019\/11\/d-r-krasimira-karakasheva-150x150.jpg 150w, https:\/\/test.cardiacinstitute.bg\/wp-content\/uploads\/2019\/11\/d-r-krasimira-karakasheva-300x300.jpg 300w, https:\/\/test.cardiacinstitute.bg\/wp-content\/uploads\/2019\/11\/d-r-krasimira-karakasheva-266x266.jpg 266w, https:\/\/test.cardiacinstitute.bg\/wp-content\/uploads\/2019\/11\/d-r-krasimira-karakasheva-600x600.jpg 600w, https:\/\/test.cardiacinstitute.bg\/wp-content\/uploads\/2019\/11\/d-r-krasimira-karakasheva.jpg 555w\" sizes=\"(max-width: 500px) 100vw, 500px\" itemprop=\"image\" \/>        <\/picture>\n        <div class=\"cpt-card-content\">\n            <h2 itemprop=\"name\">Krasimira Karakasheva, MD<\/h2>\n\t\t\t                <div itemprop=\"jobTitle\">chirurg cardiac<\/div>\n\t\t\t\n\t\t\t                <div itemprop=\"knowsAbout\"><\/div>\n\t\t\t\n\n        <\/div><!-- .card-content -->\n\t\t    <\/a>\n    <div class=\"employee-social-links\"><ul class=\"mk-employeee-networks s_meta\"><li><a target=\"_blank\" href=\"mailto:&#107;.&#107;a&#114;aka&#115;hev&#97;&#46;bs&#64;h&#101;a&#114;tan&#100;&#98;&#114;&#97;&#105;n.bg\" title=\"Get In Touch With Krasimira Karakasheva, MD\"><i class=\"fa fa-envelope\"><\/i><\/a><\/li><\/ul><\/span><\/div>\n\n<\/article><!-- .card -->\n<article class=\"cpt-card employee-card\" itemscope itemtype=\"http:\/\/schema.org\/Person\">\n\t<link itemprop=\"sameAs\" href=\"https:\/\/test.cardiacinstitute.bg\/ro\/team\/yonko-georgiev\/\"\/>\n    <a href=\"https:\/\/test.cardiacinstitute.bg\/ro\/team\/yonko-georgiev\/\">\n\t\t        <picture class=\"thumbnail\">\n\t\t\t<img decoding=\"async\" width=\"500\" height=\"500\" src=\"https:\/\/test.cardiacinstitute.bg\/wp-content\/uploads\/2022\/01\/dr-yonko-georgiev-500x500.jpg\" class=\"attachment-employees-large size-employees-large wp-post-image\" alt=\"\" srcset=\"https:\/\/test.cardiacinstitute.bg\/wp-content\/uploads\/2022\/01\/dr-yonko-georgiev-500x500.jpg 500w, https:\/\/test.cardiacinstitute.bg\/wp-content\/uploads\/2022\/01\/dr-yonko-georgiev-300x300.jpg 300w, https:\/\/test.cardiacinstitute.bg\/wp-content\/uploads\/2022\/01\/dr-yonko-georgiev-150x150.jpg 150w, https:\/\/test.cardiacinstitute.bg\/wp-content\/uploads\/2022\/01\/dr-yonko-georgiev-266x266.jpg 266w, https:\/\/test.cardiacinstitute.bg\/wp-content\/uploads\/2022\/01\/dr-yonko-georgiev-600x600.jpg 600w, https:\/\/test.cardiacinstitute.bg\/wp-content\/uploads\/2022\/01\/dr-yonko-georgiev.jpg 555w\" sizes=\"(max-width: 500px) 100vw, 500px\" itemprop=\"image\" \/>        <\/picture>\n        <div class=\"cpt-card-content\">\n            <h2 itemprop=\"name\">Yonko Georgiev, MD<\/h2>\n\t\t\t                <div itemprop=\"jobTitle\">chirurg<\/div>\n\t\t\t\n\t\t\t                <div itemprop=\"knowsAbout\"><\/div>\n\t\t\t\n\n        <\/div><!-- .card-content -->\n\t\t    <\/a>\n    <div class=\"employee-social-links\"><ul class=\"mk-employeee-networks s_meta\"><li><a target=\"_blank\" href=\"mailto:&#121;&#46;g&#101;or&#103;ie&#118;&#46;&#98;s&#64;&#104;e&#97;&#114;&#116;&#97;&#110;db&#114;a&#105;n&#46;bg\" title=\"Get In Touch With Yonko Georgiev, MD\"><i class=\"fa fa-envelope\"><\/i><\/a><\/li><\/ul><\/span><\/div>\n\n<\/article><!-- .card -->\n<article class=\"cpt-card employee-card\" itemscope itemtype=\"http:\/\/schema.org\/Person\">\n\t<link itemprop=\"sameAs\" href=\"https:\/\/test.cardiacinstitute.bg\/ro\/team\/metodi-dzhudzhev\/\"\/>\n    <a href=\"https:\/\/test.cardiacinstitute.bg\/ro\/team\/metodi-dzhudzhev\/\">\n\t\t        <picture class=\"thumbnail\">\n\t\t\t<img loading=\"lazy\" decoding=\"async\" width=\"500\" height=\"500\" src=\"https:\/\/test.cardiacinstitute.bg\/wp-content\/uploads\/2025\/11\/550x550-1-500x500.jpg\" class=\"attachment-employees-large size-employees-large wp-post-image\" alt=\"\" srcset=\"https:\/\/test.cardiacinstitute.bg\/wp-content\/uploads\/2025\/11\/550x550-1-500x500.jpg 500w, https:\/\/test.cardiacinstitute.bg\/wp-content\/uploads\/2025\/11\/550x550-1-300x300.jpg 300w, https:\/\/test.cardiacinstitute.bg\/wp-content\/uploads\/2025\/11\/550x550-1-150x150.jpg 150w, https:\/\/test.cardiacinstitute.bg\/wp-content\/uploads\/2025\/11\/550x550-1-600x600.jpg 600w, https:\/\/test.cardiacinstitute.bg\/wp-content\/uploads\/2025\/11\/550x550-1.jpg 550w\" sizes=\"(max-width: 500px) 100vw, 500px\" itemprop=\"image\" \/>        <\/picture>\n        <div class=\"cpt-card-content\">\n            <h2 itemprop=\"name\">Metodi Dzhudzhev, MD<\/h2>\n\t\t\t                <div itemprop=\"jobTitle\">chirurg<\/div>\n\t\t\t\n\t\t\t                <div itemprop=\"knowsAbout\"><\/div>\n\t\t\t\n\n        <\/div><!-- .card-content -->\n\t\t    <\/a>\n    <div class=\"employee-social-links\"><ul class=\"mk-employeee-networks s_meta\"><li><a target=\"_blank\" href=\"mailto:m&#46;&#100;&#122;&#104;udz&#104;e&#118;&#46;b&#115;&#64;&#104;&#101;&#97;r&#116;&#97;n&#100;&#98;r&#97;&#105;n&#46;&#98;g\" title=\"Get In Touch With Metodi Dzhudzhev, MD\"><i class=\"fa fa-envelope\"><\/i><\/a><\/li><\/ul><\/span><\/div>\n\n<\/article><!-- .card -->\n<article class=\"cpt-card employee-card\" itemscope itemtype=\"http:\/\/schema.org\/Person\">\n\t<link itemprop=\"sameAs\" href=\"https:\/\/test.cardiacinstitute.bg\/ro\/team\/rositsa-yaneva\/\"\/>\n    <a href=\"https:\/\/test.cardiacinstitute.bg\/ro\/team\/rositsa-yaneva\/\">\n\t\t        <picture class=\"thumbnail\">\n\t\t\t<img loading=\"lazy\" decoding=\"async\" width=\"500\" height=\"500\" src=\"https:\/\/test.cardiacinstitute.bg\/wp-content\/uploads\/2025\/11\/rositsayaneva-hirurg-oh550x550-500x500.jpg\" class=\"attachment-employees-large size-employees-large wp-post-image\" alt=\"\" srcset=\"https:\/\/test.cardiacinstitute.bg\/wp-content\/uploads\/2025\/11\/rositsayaneva-hirurg-oh550x550-500x500.jpg 500w, https:\/\/test.cardiacinstitute.bg\/wp-content\/uploads\/2025\/11\/rositsayaneva-hirurg-oh550x550-300x300.jpg 300w, https:\/\/test.cardiacinstitute.bg\/wp-content\/uploads\/2025\/11\/rositsayaneva-hirurg-oh550x550-150x150.jpg 150w, https:\/\/test.cardiacinstitute.bg\/wp-content\/uploads\/2025\/11\/rositsayaneva-hirurg-oh550x550-600x600.jpg 600w, https:\/\/test.cardiacinstitute.bg\/wp-content\/uploads\/2025\/11\/rositsayaneva-hirurg-oh550x550.jpg 550w\" sizes=\"(max-width: 500px) 100vw, 500px\" itemprop=\"image\" \/>        <\/picture>\n        <div class=\"cpt-card-content\">\n            <h2 itemprop=\"name\">Rositsa Yaneva, MD<\/h2>\n\t\t\t                <div itemprop=\"jobTitle\">chirurg<\/div>\n\t\t\t\n\t\t\t                <div itemprop=\"knowsAbout\"><\/div>\n\t\t\t\n\n        <\/div><!-- .card-content -->\n\t\t    <\/a>\n    <div class=\"employee-social-links\"><ul class=\"mk-employeee-networks s_meta\"><li><a target=\"_blank\" href=\"mailto:r.&#121;an&#101;&#118;a&#46;b&#115;&#64;&#104;e&#97;r&#116;and&#98;ra&#105;&#110;&#46;&#98;&#103;\" title=\"Get In Touch With Rositsa Yaneva, MD\"><i class=\"fa fa-envelope\"><\/i><\/a><\/li><\/ul><\/span><\/div>\n\n<\/article><!-- .card -->\n<article class=\"cpt-card employee-card\" itemscope itemtype=\"http:\/\/schema.org\/Person\">\n\t<link itemprop=\"sameAs\" href=\"https:\/\/test.cardiacinstitute.bg\/ro\/team\/georgi-ivanov-md\/\"\/>\n    <a href=\"https:\/\/test.cardiacinstitute.bg\/ro\/team\/georgi-ivanov-md\/\">\n\t\t        <picture class=\"thumbnail\">\n\t\t\t<img loading=\"lazy\" decoding=\"async\" width=\"500\" height=\"500\" src=\"https:\/\/test.cardiacinstitute.bg\/wp-content\/uploads\/2026\/02\/georgi-ivanov-oh-500x500.jpg\" class=\"attachment-employees-large size-employees-large wp-post-image\" alt=\"\" srcset=\"https:\/\/test.cardiacinstitute.bg\/wp-content\/uploads\/2026\/02\/georgi-ivanov-oh-500x500.jpg 500w, https:\/\/test.cardiacinstitute.bg\/wp-content\/uploads\/2026\/02\/georgi-ivanov-oh-300x300.jpg 300w, https:\/\/test.cardiacinstitute.bg\/wp-content\/uploads\/2026\/02\/georgi-ivanov-oh-150x150.jpg 150w, https:\/\/test.cardiacinstitute.bg\/wp-content\/uploads\/2026\/02\/georgi-ivanov-oh-600x600.jpg 600w, https:\/\/test.cardiacinstitute.bg\/wp-content\/uploads\/2026\/02\/georgi-ivanov-oh.jpg 550w\" sizes=\"(max-width: 500px) 100vw, 500px\" itemprop=\"image\" \/>        <\/picture>\n        <div class=\"cpt-card-content\">\n            <h2 itemprop=\"name\">Georgi Ivanov, MD<\/h2>\n\t\t\t                <div itemprop=\"jobTitle\">Chirurg pediatru<\/div>\n\t\t\t\n\t\t\t                <div itemprop=\"knowsAbout\"><\/div>\n\t\t\t\n\n        <\/div><!-- .card-content -->\n\t\t    <\/a>\n    <div class=\"employee-social-links\"><ul class=\"mk-employeee-networks s_meta\"><li><a target=\"_blank\" href=\"mailto:g&#46;&#105;&#118;a&#110;&#111;v.&#98;&#115;&#64;&#104;ea&#114;&#116;&#97;n&#100;&#98;r&#97;i&#110;.&#98;g\" title=\"Get In Touch With Georgi Ivanov, MD\"><i class=\"fa fa-envelope\"><\/i><\/a><\/li><\/ul><\/span><\/div>\n\n<\/article><!-- .card -->\n<article class=\"cpt-card employee-card\" itemscope itemtype=\"http:\/\/schema.org\/Person\">\n\t<link itemprop=\"sameAs\" href=\"https:\/\/test.cardiacinstitute.bg\/ro\/team\/eliz-sali\/\"\/>\n    <a href=\"https:\/\/test.cardiacinstitute.bg\/ro\/team\/eliz-sali\/\">\n\t\t        <picture class=\"thumbnail\">\n\t\t\t<img loading=\"lazy\" decoding=\"async\" width=\"500\" height=\"500\" src=\"https:\/\/test.cardiacinstitute.bg\/wp-content\/uploads\/2024\/06\/eliz_sali-500x500.jpg\" class=\"attachment-employees-large size-employees-large wp-post-image\" alt=\"\" srcset=\"https:\/\/test.cardiacinstitute.bg\/wp-content\/uploads\/2024\/06\/eliz_sali-500x500.jpg 500w, https:\/\/test.cardiacinstitute.bg\/wp-content\/uploads\/2024\/06\/eliz_sali-300x300.jpg 300w, https:\/\/test.cardiacinstitute.bg\/wp-content\/uploads\/2024\/06\/eliz_sali-150x150.jpg 150w, https:\/\/test.cardiacinstitute.bg\/wp-content\/uploads\/2024\/06\/eliz_sali-600x600.jpg 600w, https:\/\/test.cardiacinstitute.bg\/wp-content\/uploads\/2024\/06\/eliz_sali.jpg 555w\" sizes=\"(max-width: 500px) 100vw, 500px\" itemprop=\"image\" \/>        <\/picture>\n        <div class=\"cpt-card-content\">\n            <h2 itemprop=\"name\">Eliz Sali, MD<\/h2>\n\t\t\t                <div itemprop=\"jobTitle\">rezident chirurgie<\/div>\n\t\t\t\n\t\t\t                <div itemprop=\"knowsAbout\"><\/div>\n\t\t\t\n\n        <\/div><!-- .card-content -->\n\t\t    <\/a>\n    <div class=\"employee-social-links\"><ul class=\"mk-employeee-networks s_meta\"><li><a target=\"_blank\" href=\"mailto:e&#46;&#115;ali.bs&#64;h&#101;ar&#116;&#97;&#110;db&#114;a&#105;&#110;&#46;bg\" title=\"Get In Touch With Eliz Sali, MD\"><i class=\"fa fa-envelope\"><\/i><\/a><\/li><\/ul><\/span><\/div>\n\n<\/article><!-- .card -->\n<article class=\"cpt-card employee-card\" itemscope itemtype=\"http:\/\/schema.org\/Person\">\n\t<link itemprop=\"sameAs\" href=\"https:\/\/test.cardiacinstitute.bg\/ro\/team\/victoria-petrova\/\"\/>\n    <a href=\"https:\/\/test.cardiacinstitute.bg\/ro\/team\/victoria-petrova\/\">\n\t\t        <picture class=\"thumbnail\">\n\t\t\t<img loading=\"lazy\" decoding=\"async\" width=\"500\" height=\"500\" src=\"https:\/\/test.cardiacinstitute.bg\/wp-content\/uploads\/2025\/11\/viktoriya-petrova-spetsializant-hirurgiq-550x550-1-500x500.jpg\" class=\"attachment-employees-large size-employees-large wp-post-image\" alt=\"\" srcset=\"https:\/\/test.cardiacinstitute.bg\/wp-content\/uploads\/2025\/11\/viktoriya-petrova-spetsializant-hirurgiq-550x550-1-500x500.jpg 500w, https:\/\/test.cardiacinstitute.bg\/wp-content\/uploads\/2025\/11\/viktoriya-petrova-spetsializant-hirurgiq-550x550-1-300x300.jpg 300w, https:\/\/test.cardiacinstitute.bg\/wp-content\/uploads\/2025\/11\/viktoriya-petrova-spetsializant-hirurgiq-550x550-1-150x150.jpg 150w, https:\/\/test.cardiacinstitute.bg\/wp-content\/uploads\/2025\/11\/viktoriya-petrova-spetsializant-hirurgiq-550x550-1-600x600.jpg 600w, https:\/\/test.cardiacinstitute.bg\/wp-content\/uploads\/2025\/11\/viktoriya-petrova-spetsializant-hirurgiq-550x550-1.jpg 550w\" sizes=\"(max-width: 500px) 100vw, 500px\" itemprop=\"image\" \/>        <\/picture>\n        <div class=\"cpt-card-content\">\n            <h2 itemprop=\"name\">Vi\u043atoria Petrova, MD<\/h2>\n\t\t\t                <div itemprop=\"jobTitle\">rezident chirurgie<\/div>\n\t\t\t\n\t\t\t                <div itemprop=\"knowsAbout\"><\/div>\n\t\t\t\n\n        <\/div><!-- .card-content -->\n\t\t    <\/a>\n    <div class=\"employee-social-links\"><ul class=\"mk-employeee-networks s_meta\"><li><a target=\"_blank\" href=\"mailto:v&#105;&#46;&#112;et&#114;o&#118;a.&#98;&#115;&#64;&#104;&#101;&#97;&#114;ta&#110;&#100;br&#97;i&#110;&#46;bg\" title=\"Get In Touch With Vi\u043atoria Petrova, MD\"><i class=\"fa fa-envelope\"><\/i><\/a><\/li><\/ul><\/span><\/div>\n\n<\/article><!-- .card -->            <\/div><!-- .cards -->\n\t\t\t<\/section><!-- .content-area -->[\/vc_column][\/vc_row]<\/p>\n<\/div>","protected":false},"excerpt":{"rendered":"<p>[mk_page_section bg_color=&#8221;#1e73be&#8221; padding_top=&#8221;40&#8243; padding_bottom=&#8221;40&#8243; sidebar=&#8221;sidebar-1&#8243;][vc_column][mk_fancy_title tag_name=&#8221;h4&#8243; color=&#8221;#ffffff&#8221; size=&#8221;48&#8243; force_font_size=&#8221;true&#8221; size_tablet=&#8221;40&#8243; font_weight=&#8221;400&#8243; txt_transform=&#8221;uppercase&#8221; margin_top=&#8221;15&#8243; margin_bottom=&#8221;0&#8243; font_family=&#8221;Open+Sans&#8221; font_type=&#8221;google&#8221; align=&#8221;center&#8221; animation=&#8221;top-to-bottom&#8221;]Chirurgie[\/mk_fancy_title][\/vc_column][\/mk_page_section][vc_row][vc_column][mk_padding_divider][vc_column_text css=&#8221;.vc_custom_1764412277815{margin-bottom: 0px !important;}&#8221;]Despre departament: Departamentul de chirurgie cardiac\u0103 \u0219i cerebral\u0103 din Burgas este dotat cu echipamente moderne \u0219i utilizeaz\u0103 metode minim invazive de ultim\u0103 genera\u021bie. Acesta dispune de o echip\u0103 de chirurgi experimenta\u021bi, cu specializare na\u021bional\u0103 \u0219i [&hellip;]<\/p>\n","protected":false},"author":1,"featured_media":0,"parent":24880,"menu_order":0,"comment_status":"closed","ping_status":"closed","template":"full-width.php","meta":{"_acf_changed":false,"_eb_attr":"","rs_blank_template":"","rs_page_bg_color":"","slide_template_v7":"","footnotes":""},"class_list":["post-24917","page","type-page","status-publish","hentry"],"acf":[],"_links":{"self":[{"href":"https:\/\/test.cardiacinstitute.bg\/ro\/wp-json\/wp\/v2\/pages\/24917","targetHints":{"allow":["GET"]}}],"collection":[{"href":"https:\/\/test.cardiacinstitute.bg\/ro\/wp-json\/wp\/v2\/pages"}],"about":[{"href":"https:\/\/test.cardiacinstitute.bg\/ro\/wp-json\/wp\/v2\/types\/page"}],"author":[{"embeddable":true,"href":"https:\/\/test.cardiacinstitute.bg\/ro\/wp-json\/wp\/v2\/users\/1"}],"replies":[{"embeddable":true,"href":"https:\/\/test.cardiacinstitute.bg\/ro\/wp-json\/wp\/v2\/comments?post=24917"}],"version-history":[{"count":10,"href":"https:\/\/test.cardiacinstitute.bg\/ro\/wp-json\/wp\/v2\/pages\/24917\/revisions"}],"predecessor-version":[{"id":55161,"href":"https:\/\/test.cardiacinstitute.bg\/ro\/wp-json\/wp\/v2\/pages\/24917\/revisions\/55161"}],"up":[{"embeddable":true,"href":"https:\/\/test.cardiacinstitute.bg\/ro\/wp-json\/wp\/v2\/pages\/24880"}],"wp:attachment":[{"href":"https:\/\/test.cardiacinstitute.bg\/ro\/wp-json\/wp\/v2\/media?parent=24917"}],"curies":[{"name":"wp","href":"https:\/\/api.w.org\/{rel}","templated":true}]}}