{"id":24818,"date":"2022-08-18T14:30:16","date_gmt":"2022-08-18T14:30:16","guid":{"rendered":"https:\/\/test.cardiacinstitute.bg\/?page_id=24818"},"modified":"2022-08-18T14:30:27","modified_gmt":"2022-08-18T14:30:27","slug":"hospital-management","status":"publish","type":"page","link":"https:\/\/test.cardiacinstitute.bg\/ro\/hospitals-and-centers\/heart-and-brain-center-of-excellence-pleven\/hospital-management\/","title":{"rendered":"Managementul spitalului"},"content":{"rendered":"<div class=\"wpb-content-wrapper\"><p>[mk_page_section bg_color=&#8221;#1e73be&#8221; padding_top=&#8221;40&#8243; padding_bottom=&#8221;40&#8243; sidebar=&#8221;sidebar-1&#8243;][vc_column][mk_fancy_title tag_name=&#8221;h4&#8243; color=&#8221;#ffffff&#8221; size=&#8221;48&#8243; force_font_size=&#8221;true&#8221; size_tablet=&#8221;40&#8243; font_weight=&#8221;400&#8243; txt_transform=&#8221;uppercase&#8221; margin_top=&#8221;15&#8243; margin_bottom=&#8221;0&#8243; font_family=&#8221;Open+Sans&#8221; font_type=&#8221;google&#8221; align=&#8221;center&#8221; animation=&#8221;top-to-bottom&#8221;]Managementul spitalului[\/mk_fancy_title][\/vc_column][\/mk_page_section][vc_row][vc_column][mk_padding_divider size=&#8221;120&#8243;]\n<section class=\"content-area\">\n\t\t\n            <div class=\"cpt-cards column-three\">\n\t\t\t\t\n<article class=\"cpt-card employee-card\" itemscope itemtype=\"http:\/\/schema.org\/Person\">\n\t        <picture class=\"thumbnail\">\n\t\t\t<img fetchpriority=\"high\" decoding=\"async\" width=\"500\" height=\"500\" src=\"https:\/\/test.cardiacinstitute.bg\/wp-content\/uploads\/2022\/10\/tihomir_kamenov-500x500.jpg\" class=\"attachment-employees-large size-employees-large wp-post-image\" alt=\"\" srcset=\"https:\/\/test.cardiacinstitute.bg\/wp-content\/uploads\/2022\/10\/tihomir_kamenov-500x500.jpg 500w, https:\/\/test.cardiacinstitute.bg\/wp-content\/uploads\/2022\/10\/tihomir_kamenov-300x300.jpg 300w, https:\/\/test.cardiacinstitute.bg\/wp-content\/uploads\/2022\/10\/tihomir_kamenov-150x150.jpg 150w, https:\/\/test.cardiacinstitute.bg\/wp-content\/uploads\/2022\/10\/tihomir_kamenov-600x600.jpg 600w, https:\/\/test.cardiacinstitute.bg\/wp-content\/uploads\/2022\/10\/tihomir_kamenov.jpg 531w\" sizes=\"(max-width: 500px) 100vw, 500px\" itemprop=\"image\" \/>        <\/picture>\n        <div class=\"cpt-card-content\">\n            <h2 itemprop=\"name\">Tihomir Kamenov<\/h2>\n\t\t\t\n\t\t\t                <div itemprop=\"knowsAbout\"><em>Fondator al Institutului Cardiac din Bulgaria \u0219i primul pre\u0219edinte al Consiliului de Administra\u021bie<\/em>\r\n\r\nAvocat, specialist \u00een drept interna\u021bional public \u0219i privat, fondator al principalelor companii din grupul de asisten\u021b\u0103 medical\u0103 al Ligii Comerciale. Strateg vizionar \u0219i strateg de dezvoltare corporativ\u0103, axat pe satisfac\u021bia pacien\u021bilor, calitatea asisten\u021bei medicale, inova\u021bia medical\u0103 \u0219i educa\u021bie.<\/div>\n\t\t\t\n\n        <\/div><!-- .card-content -->\n\t\t    <div class=\"employee-social-links\"><ul class=\"mk-employeee-networks s_meta\"><\/ul><\/span><\/div>\n\n<\/article><!-- .card -->\n<article class=\"cpt-card employee-card\" itemscope itemtype=\"http:\/\/schema.org\/Person\">\n\t        <picture class=\"thumbnail\">\n\t\t\t<img decoding=\"async\" width=\"500\" height=\"500\" src=\"https:\/\/test.cardiacinstitute.bg\/wp-content\/uploads\/2025\/01\/toni-vekov-500x500.jpg\" class=\"attachment-employees-large size-employees-large wp-post-image\" alt=\"\" srcset=\"https:\/\/test.cardiacinstitute.bg\/wp-content\/uploads\/2025\/01\/toni-vekov-500x500.jpg 500w, https:\/\/test.cardiacinstitute.bg\/wp-content\/uploads\/2025\/01\/toni-vekov-300x300.jpg 300w, https:\/\/test.cardiacinstitute.bg\/wp-content\/uploads\/2025\/01\/toni-vekov-150x150.jpg 150w, https:\/\/test.cardiacinstitute.bg\/wp-content\/uploads\/2025\/01\/toni-vekov-600x600.jpg 600w, https:\/\/test.cardiacinstitute.bg\/wp-content\/uploads\/2025\/01\/toni-vekov.jpg 555w\" sizes=\"(max-width: 500px) 100vw, 500px\" itemprop=\"image\" \/>        <\/picture>\n        <div class=\"cpt-card-content\">\n            <h2 itemprop=\"name\">Prof. Toni Vekov<\/h2>\n\t\t\t\n\t\t\t                <div itemprop=\"knowsAbout\"><em>Pre\u0219edinte al Consiliului de administra\u021bie al Institutului bulgar de cardiologie<\/em>\r\n\r\nProfesor de s\u0103n\u0103tate public\u0103 \u0219i management sanitar, economia s\u0103n\u0103t\u0103\u021bii \u0219i organizarea \u0219i economia produc\u021biei farmaceutice. A sus\u021binut cu succes titlul de doctor \u00een medicin\u0103 social\u0103 \u0219i organizarea s\u0103n\u0103t\u0103\u021bii \u0219i farmacie. Are peste 370 de publica\u021bii \u00een reviste na\u021bionale \u0219i interna\u021bionale, este autor a 22 de manuale \u0219i 12 monografii \u0219i membru al European Public Health Association. Are mul\u021bi ani de experien\u021b\u0103 de management \u00een domeniul asigur\u0103rilor de s\u0103n\u0103tate, asisten\u021bei medicale spitalice\u0219ti \u0219i marketingului produselor \u0219i serviciilor medicale. \u00cen prezent, prof. Vekov este ac\u021bionar minoritar la BCI.<\/div>\n\t\t\t\n\n        <\/div><!-- .card-content -->\n\t\t    <div class=\"employee-social-links\"><ul class=\"mk-employeee-networks s_meta\"><\/ul><\/span><\/div>\n\n<\/article><!-- .card -->\n<article class=\"cpt-card employee-card\" itemscope itemtype=\"http:\/\/schema.org\/Person\">\n\t        <picture class=\"thumbnail\">\n\t\t\t<img decoding=\"async\" width=\"500\" height=\"500\" src=\"https:\/\/test.cardiacinstitute.bg\/wp-content\/uploads\/2026\/02\/natalia-chilingirova-1-500x500.jpg\" class=\"attachment-employees-large size-employees-large wp-post-image\" alt=\"\" srcset=\"https:\/\/test.cardiacinstitute.bg\/wp-content\/uploads\/2026\/02\/natalia-chilingirova-1-500x500.jpg 500w, https:\/\/test.cardiacinstitute.bg\/wp-content\/uploads\/2026\/02\/natalia-chilingirova-1-300x300.jpg 300w, https:\/\/test.cardiacinstitute.bg\/wp-content\/uploads\/2026\/02\/natalia-chilingirova-1-150x150.jpg 150w, https:\/\/test.cardiacinstitute.bg\/wp-content\/uploads\/2026\/02\/natalia-chilingirova-1-600x600.jpg 600w, https:\/\/test.cardiacinstitute.bg\/wp-content\/uploads\/2026\/02\/natalia-chilingirova-1.jpg 555w\" sizes=\"(max-width: 500px) 100vw, 500px\" itemprop=\"image\" \/>        <\/picture>\n        <div class=\"cpt-card-content\">\n            <h2 itemprop=\"name\">Prof. Natalia Chilingirova, MD, PhD<\/h2>\n\t\t\t\n\t\t\t                <div itemprop=\"knowsAbout\"><em>Director executiv al Institutului Cardiac din Bulgaria<\/em>\r\n\r\nProfesor de oncologie medical\u0103 \u0219i lector pentru studen\u021bi bulgari \u0219i interna\u021bionali. S-a specializat \u00een Elve\u021bia \u0219i Austria \u0219i a absolvit cu succes numeroase programe de formare \u0219i seminarii la unele dintre cele mai prestigioase centre de oncologie din lume, inclusiv MSKCC din SUA. Sub conducerea sa, Centrul de Oncologie \u201eHeart and Brain\u201d a devenit parte a celei mai mari re\u021bele de centre \u0219i institute de oncologie din Europa (OECI). Este membru al unor societ\u0103\u021bi \u0219tiin\u021bifice bulgare \u0219i interna\u021bionale, printre care ESMO, ASCO, Societatea Bulgar\u0103 de Oncologie, Academia Educa\u021bional\u0103 de Oncologie, \u0219i face parte din consiliul de administra\u021bie al Clubului \u201eTinerii oncologi\u201d, sprijinind organizarea de \u00eent\u00e2lniri educa\u021bionale interna\u021bionale \u0219i na\u021bionale pentru medici tineri. Este autoarea a peste 45 de publica\u021bii \u0219tiin\u021bifice \u00een colec\u021bii \u0219i reviste bulgare \u0219i interna\u021bionale.<\/div>\n\t\t\t\n\n        <\/div><!-- .card-content -->\n\t\t    <div class=\"employee-social-links\"><ul class=\"mk-employeee-networks s_meta\"><\/ul><\/span><\/div>\n\n<\/article><!-- .card -->            <\/div><!-- .cards -->\n\t\t\t<\/section><!-- .content-area -->[\/vc_column][\/vc_row][vc_row][vc_column width=&#8221;1\/3&#8243;][\/vc_column][vc_column width=&#8221;1\/3&#8243;]\n<section class=\"content-area\">\n\t\t\n            <div class=\"cpt-cards column-one\">\n\t\t\t\t\n<article class=\"cpt-card employee-card\" itemscope itemtype=\"http:\/\/schema.org\/Person\">\n\t        <picture class=\"thumbnail\">\n\t\t\t<img loading=\"lazy\" decoding=\"async\" width=\"500\" height=\"500\" src=\"https:\/\/test.cardiacinstitute.bg\/wp-content\/uploads\/2023\/05\/petya-dinovska-500x500.jpg\" class=\"attachment-employees-large size-employees-large wp-post-image\" alt=\"\" srcset=\"https:\/\/test.cardiacinstitute.bg\/wp-content\/uploads\/2023\/05\/petya-dinovska-500x500.jpg 500w, https:\/\/test.cardiacinstitute.bg\/wp-content\/uploads\/2023\/05\/petya-dinovska-300x300.jpg 300w, https:\/\/test.cardiacinstitute.bg\/wp-content\/uploads\/2023\/05\/petya-dinovska-150x150.jpg 150w, https:\/\/test.cardiacinstitute.bg\/wp-content\/uploads\/2023\/05\/petya-dinovska-600x600.jpg 600w, https:\/\/test.cardiacinstitute.bg\/wp-content\/uploads\/2023\/05\/petya-dinovska.jpg 555w\" sizes=\"(max-width: 500px) 100vw, 500px\" itemprop=\"image\" \/>        <\/picture>\n        <div class=\"cpt-card-content\">\n            <h2 itemprop=\"name\">Petya Dinovska, MD, PhD<\/h2>\n\t\t\t                <div itemprop=\"jobTitle\">Director executiv<\/div>\n\t\t\t\n\t\t\t                <div itemprop=\"knowsAbout\"><\/div>\n\t\t\t\n\n        <\/div><!-- .card-content -->\n\t\t    <div class=\"employee-social-links\"><ul class=\"mk-employeee-networks s_meta\"><\/ul><\/span><\/div>\n\n<\/article><!-- .card -->            <\/div><!-- .cards -->\n\t\t\t<\/section><!-- .content-area -->[\/vc_column][vc_column width=&#8221;1\/3&#8243;][\/vc_column][\/vc_row]<\/p>\n<\/div>","protected":false},"excerpt":{"rendered":"<p>[mk_page_section bg_color=&#8221;#1e73be&#8221; padding_top=&#8221;40&#8243; padding_bottom=&#8221;40&#8243; sidebar=&#8221;sidebar-1&#8243;][vc_column][mk_fancy_title tag_name=&#8221;h4&#8243; color=&#8221;#ffffff&#8221; size=&#8221;48&#8243; force_font_size=&#8221;true&#8221; size_tablet=&#8221;40&#8243; font_weight=&#8221;400&#8243; txt_transform=&#8221;uppercase&#8221; margin_top=&#8221;15&#8243; margin_bottom=&#8221;0&#8243; font_family=&#8221;Open+Sans&#8221; font_type=&#8221;google&#8221; align=&#8221;center&#8221; animation=&#8221;top-to-bottom&#8221;]Managementul spitalului[\/mk_fancy_title][\/vc_column][\/mk_page_section][vc_row][vc_column][mk_padding_divider size=&#8221;120&#8243;][\/vc_column][\/vc_row][vc_row][vc_column width=&#8221;1\/3&#8243;][\/vc_column][vc_column width=&#8221;1\/3&#8243;][\/vc_column][vc_column width=&#8221;1\/3&#8243;][\/vc_column][\/vc_row]<\/p>\n","protected":false},"author":1,"featured_media":0,"parent":24683,"menu_order":4,"comment_status":"closed","ping_status":"closed","template":"full-width.php","meta":{"_acf_changed":false,"_eb_attr":"","rs_blank_template":"","rs_page_bg_color":"","slide_template_v7":"","footnotes":""},"class_list":["post-24818","page","type-page","status-publish","hentry"],"acf":[],"_links":{"self":[{"href":"https:\/\/test.cardiacinstitute.bg\/ro\/wp-json\/wp\/v2\/pages\/24818","targetHints":{"allow":["GET"]}}],"collection":[{"href":"https:\/\/test.cardiacinstitute.bg\/ro\/wp-json\/wp\/v2\/pages"}],"about":[{"href":"https:\/\/test.cardiacinstitute.bg\/ro\/wp-json\/wp\/v2\/types\/page"}],"author":[{"embeddable":true,"href":"https:\/\/test.cardiacinstitute.bg\/ro\/wp-json\/wp\/v2\/users\/1"}],"replies":[{"embeddable":true,"href":"https:\/\/test.cardiacinstitute.bg\/ro\/wp-json\/wp\/v2\/comments?post=24818"}],"version-history":[{"count":4,"href":"https:\/\/test.cardiacinstitute.bg\/ro\/wp-json\/wp\/v2\/pages\/24818\/revisions"}],"predecessor-version":[{"id":24822,"href":"https:\/\/test.cardiacinstitute.bg\/ro\/wp-json\/wp\/v2\/pages\/24818\/revisions\/24822"}],"up":[{"embeddable":true,"href":"https:\/\/test.cardiacinstitute.bg\/ro\/wp-json\/wp\/v2\/pages\/24683"}],"wp:attachment":[{"href":"https:\/\/test.cardiacinstitute.bg\/ro\/wp-json\/wp\/v2\/media?parent=24818"}],"curies":[{"name":"wp","href":"https:\/\/api.w.org\/{rel}","templated":true}]}}