{"id":24780,"date":"2022-08-18T13:57:29","date_gmt":"2022-08-18T13:57:29","guid":{"rendered":"https:\/\/test.cardiacinstitute.bg\/?page_id=24780"},"modified":"2025-02-05T10:30:41","modified_gmt":"2025-02-05T10:30:41","slug":"pulmonology-department","status":"publish","type":"page","link":"https:\/\/test.cardiacinstitute.bg\/ro\/hospitals-and-centers\/heart-and-brain-center-of-excellence-pleven\/clinics-and-departments\/pulmonology-department\/","title":{"rendered":"Pneumologie"},"content":{"rendered":"<div class=\"wpb-content-wrapper\"><p>[mk_page_section bg_color=&#8221;#1e73be&#8221; padding_top=&#8221;40&#8243; padding_bottom=&#8221;40&#8243; sidebar=&#8221;sidebar-1&#8243;][vc_column][mk_fancy_title tag_name=&#8221;h4&#8243; color=&#8221;#ffffff&#8221; size=&#8221;48&#8243; force_font_size=&#8221;true&#8221; size_tablet=&#8221;40&#8243; font_weight=&#8221;400&#8243; txt_transform=&#8221;uppercase&#8221; margin_top=&#8221;15&#8243; margin_bottom=&#8221;0&#8243; font_family=&#8221;Open+Sans&#8221; font_type=&#8221;google&#8221; align=&#8221;center&#8221; animation=&#8221;top-to-bottom&#8221;]Pneumologie[\/mk_fancy_title][\/vc_column][\/mk_page_section][vc_row][vc_column][mk_padding_divider][vc_column_text css=&#8221;.vc_custom_1660831111614{margin-bottom: 0px !important;}&#8221;]<strong>Despre departament:<\/strong><br \/>\nSec\u021bia de Pneumologie este format\u0103 dintr-o echip\u0103 de speciali\u0219ti cu o vast\u0103 experien\u021b\u0103 \u00een afec\u021biuni pulmonare precum astmul bron\u0219ic, boala pulmonar\u0103 obstructiv\u0103 cronic\u0103, pneumonia \u0219i insuficien\u021ba respiratorie, diagnosticarea \u0219i tratarea apneei obstructive \u00een somn, cancerului \u0219i bolilor pulmonare rare. Departamentul este, de asemenea, specializat \u00een tratamentul SARS-CoV-2 acut \u0219i complica\u021biile infec\u021biei. Pentru a ob\u021bine rezultate maxime \u00een \u00eengrijirea pacientului, avem speciali\u0219ti de \u00eenalt\u0103 calificare \u2013 pneumologi \u0219i speciali\u0219ti \u00een reabilitare \u0219i cele mai moderne echipamente.<\/p>\n<p>Echipamentul include un diagnostic pleural cu ultrasunete \u0219i biopsii transtoracice, videobronhoscoape de ultim\u0103 genera\u021bie \u0219i un laborator func\u021bional III nou. Capacit\u0103\u021bile laboratorului includ testarea respiratorie func\u021bional\u0103 (spirometrie), testarea capacit\u0103\u021bii de difuzie pulmonar\u0103, pletismografia corporal\u0103, testarea la efort cadrio-pulmonar \u0219i m\u0103surarea frac\u021biei de NO din aerul expirat (FENO).[\/vc_column_text][mk_padding_divider size=&#8221;120&#8243;]\n<section class=\"content-area\">\n\t\t\n            <div class=\"cpt-cards column-four\">\n\t\t\t\t\n<article class=\"cpt-card employee-card\" itemscope itemtype=\"http:\/\/schema.org\/Person\">\n\t<link itemprop=\"sameAs\" href=\"https:\/\/test.cardiacinstitute.bg\/ro\/team\/ilia-krachunov\/\"\/>\n    <a href=\"https:\/\/test.cardiacinstitute.bg\/ro\/team\/ilia-krachunov\/\">\n\t\t        <picture class=\"thumbnail\">\n\t\t\t<img fetchpriority=\"high\" decoding=\"async\" width=\"500\" height=\"500\" src=\"https:\/\/test.cardiacinstitute.bg\/wp-content\/uploads\/2023\/05\/ilia-krachunov-500x500.jpg\" class=\"attachment-employees-large size-employees-large wp-post-image\" alt=\"\" srcset=\"https:\/\/test.cardiacinstitute.bg\/wp-content\/uploads\/2023\/05\/ilia-krachunov-500x500.jpg 500w, https:\/\/test.cardiacinstitute.bg\/wp-content\/uploads\/2023\/05\/ilia-krachunov-300x300.jpg 300w, https:\/\/test.cardiacinstitute.bg\/wp-content\/uploads\/2023\/05\/ilia-krachunov-150x150.jpg 150w, https:\/\/test.cardiacinstitute.bg\/wp-content\/uploads\/2023\/05\/ilia-krachunov-600x600.jpg 600w, https:\/\/test.cardiacinstitute.bg\/wp-content\/uploads\/2023\/05\/ilia-krachunov.jpg 555w\" sizes=\"(max-width: 500px) 100vw, 500px\" itemprop=\"image\" \/>        <\/picture>\n        <div class=\"cpt-card-content\">\n            <h2 itemprop=\"name\">Ilia Krachunov, MD<\/h2>\n\t\t\t                <div itemprop=\"jobTitle\">pulmonolog<\/div>\n\t\t\t\n\t\t\t                <div itemprop=\"knowsAbout\"><\/div>\n\t\t\t\n\n        <\/div><!-- .card-content -->\n\t\t    <\/a>\n    <div class=\"employee-social-links\"><ul class=\"mk-employeee-networks s_meta\"><li><a target=\"_blank\" href=\"mailto:i.&#107;ra&#99;&#104;unov.pn&#64;&#104;&#101;&#97;r&#116;a&#110;&#100;b&#114;&#97;in&#46;b&#103;\" title=\"Get In Touch With Ilia Krachunov, MD\"><i class=\"fa fa-envelope\"><\/i><\/a><\/li><\/ul><\/span><\/div>\n\n<\/article><!-- .card -->\n<article class=\"cpt-card employee-card\" itemscope itemtype=\"http:\/\/schema.org\/Person\">\n\t<link itemprop=\"sameAs\" href=\"https:\/\/test.cardiacinstitute.bg\/ro\/team\/iva-koleva-krumova\/\"\/>\n    <a href=\"https:\/\/test.cardiacinstitute.bg\/ro\/team\/iva-koleva-krumova\/\">\n\t\t        <picture class=\"thumbnail\">\n\t\t\t<img decoding=\"async\" width=\"500\" height=\"500\" src=\"https:\/\/test.cardiacinstitute.bg\/wp-content\/uploads\/2023\/05\/iva-koleva-krumova-500x500.jpg\" class=\"attachment-employees-large size-employees-large wp-post-image\" alt=\"\" srcset=\"https:\/\/test.cardiacinstitute.bg\/wp-content\/uploads\/2023\/05\/iva-koleva-krumova-500x500.jpg 500w, https:\/\/test.cardiacinstitute.bg\/wp-content\/uploads\/2023\/05\/iva-koleva-krumova-300x300.jpg 300w, https:\/\/test.cardiacinstitute.bg\/wp-content\/uploads\/2023\/05\/iva-koleva-krumova-150x150.jpg 150w, https:\/\/test.cardiacinstitute.bg\/wp-content\/uploads\/2023\/05\/iva-koleva-krumova-600x600.jpg 600w, https:\/\/test.cardiacinstitute.bg\/wp-content\/uploads\/2023\/05\/iva-koleva-krumova.jpg 555w\" sizes=\"(max-width: 500px) 100vw, 500px\" itemprop=\"image\" \/>        <\/picture>\n        <div class=\"cpt-card-content\">\n            <h2 itemprop=\"name\">Iva Koleva-\u041arumova, MD<\/h2>\n\t\t\t                <div itemprop=\"jobTitle\">pulmonolog<\/div>\n\t\t\t\n\t\t\t                <div itemprop=\"knowsAbout\"><\/div>\n\t\t\t\n\n        <\/div><!-- .card-content -->\n\t\t    <\/a>\n    <div class=\"employee-social-links\"><ul class=\"mk-employeee-networks s_meta\"><li><a target=\"_blank\" href=\"mailto:&#105;.&#107;&#114;&#117;&#109;ova.p&#110;&#64;he&#97;&#114;&#116;&#97;n&#100;&#98;&#114;a&#105;n&#46;b&#103;\" title=\"Get In Touch With Iva Koleva-\u041arumova, MD\"><i class=\"fa fa-envelope\"><\/i><\/a><\/li><\/ul><\/span><\/div>\n\n<\/article><!-- .card -->\n<article class=\"cpt-card employee-card\" itemscope itemtype=\"http:\/\/schema.org\/Person\">\n\t<link itemprop=\"sameAs\" href=\"https:\/\/test.cardiacinstitute.bg\/ro\/team\/temenuzhka-ignatova-danova\/\"\/>\n    <a href=\"https:\/\/test.cardiacinstitute.bg\/ro\/team\/temenuzhka-ignatova-danova\/\">\n\t\t        <picture class=\"thumbnail\">\n\t\t\t<img decoding=\"async\" width=\"500\" height=\"500\" src=\"https:\/\/test.cardiacinstitute.bg\/wp-content\/uploads\/2023\/05\/temenuzhka-ignatova-danova-500x500.jpg\" class=\"attachment-employees-large size-employees-large wp-post-image\" alt=\"\" srcset=\"https:\/\/test.cardiacinstitute.bg\/wp-content\/uploads\/2023\/05\/temenuzhka-ignatova-danova-500x500.jpg 500w, https:\/\/test.cardiacinstitute.bg\/wp-content\/uploads\/2023\/05\/temenuzhka-ignatova-danova-300x300.jpg 300w, https:\/\/test.cardiacinstitute.bg\/wp-content\/uploads\/2023\/05\/temenuzhka-ignatova-danova-150x150.jpg 150w, https:\/\/test.cardiacinstitute.bg\/wp-content\/uploads\/2023\/05\/temenuzhka-ignatova-danova-600x600.jpg 600w, https:\/\/test.cardiacinstitute.bg\/wp-content\/uploads\/2023\/05\/temenuzhka-ignatova-danova.jpg 555w\" sizes=\"(max-width: 500px) 100vw, 500px\" itemprop=\"image\" \/>        <\/picture>\n        <div class=\"cpt-card-content\">\n            <h2 itemprop=\"name\">Temenuzhka Ignatova-Danova, MD<\/h2>\n\t\t\t                <div itemprop=\"jobTitle\">pulmonolog<\/div>\n\t\t\t\n\t\t\t                <div itemprop=\"knowsAbout\"><\/div>\n\t\t\t\n\n        <\/div><!-- .card-content -->\n\t\t    <\/a>\n    <div class=\"employee-social-links\"><ul class=\"mk-employeee-networks s_meta\"><li><a target=\"_blank\" href=\"mailto:t.d&#97;nov&#97;&#46;&#112;n&#64;hearta&#110;d&#98;&#114;a&#105;&#110;&#46;&#98;g\" title=\"Get In Touch With Temenuzhka Ignatova-Danova, MD\"><i class=\"fa fa-envelope\"><\/i><\/a><\/li><\/ul><\/span><\/div>\n\n<\/article><!-- .card -->\n<article class=\"cpt-card employee-card\" itemscope itemtype=\"http:\/\/schema.org\/Person\">\n\t<link itemprop=\"sameAs\" href=\"https:\/\/test.cardiacinstitute.bg\/ro\/team\/gergana-stefanova\/\"\/>\n    <a href=\"https:\/\/test.cardiacinstitute.bg\/ro\/team\/gergana-stefanova\/\">\n\t\t        <picture class=\"thumbnail\">\n\t\t\t<img loading=\"lazy\" decoding=\"async\" width=\"500\" height=\"500\" src=\"https:\/\/test.cardiacinstitute.bg\/wp-content\/uploads\/2025\/11\/gergana-stefanova-1-500x500.jpg\" class=\"attachment-employees-large size-employees-large wp-post-image\" alt=\"\" srcset=\"https:\/\/test.cardiacinstitute.bg\/wp-content\/uploads\/2025\/11\/gergana-stefanova-1-500x500.jpg 500w, https:\/\/test.cardiacinstitute.bg\/wp-content\/uploads\/2025\/11\/gergana-stefanova-1-300x300.jpg 300w, https:\/\/test.cardiacinstitute.bg\/wp-content\/uploads\/2025\/11\/gergana-stefanova-1-150x150.jpg 150w, https:\/\/test.cardiacinstitute.bg\/wp-content\/uploads\/2025\/11\/gergana-stefanova-1-600x600.jpg 600w, https:\/\/test.cardiacinstitute.bg\/wp-content\/uploads\/2025\/11\/gergana-stefanova-1.jpg 555w\" sizes=\"(max-width: 500px) 100vw, 500px\" itemprop=\"image\" \/>        <\/picture>\n        <div class=\"cpt-card-content\">\n            <h2 itemprop=\"name\">Gergana Stefanova, MD<\/h2>\n\t\t\t                <div itemprop=\"jobTitle\">pulmonolog<\/div>\n\t\t\t\n\t\t\t                <div itemprop=\"knowsAbout\"><\/div>\n\t\t\t\n\n        <\/div><!-- .card-content -->\n\t\t    <\/a>\n    <div class=\"employee-social-links\"><ul class=\"mk-employeee-networks s_meta\"><li><a target=\"_blank\" href=\"mailto:g.s&#116;ef&#97;&#110;o&#118;&#97;.p&#110;&#64;&#104;&#101;&#97;&#114;&#116;a&#110;&#100;br&#97;&#105;n.&#98;&#103;\" title=\"Get In Touch With Gergana Stefanova, MD\"><i class=\"fa fa-envelope\"><\/i><\/a><\/li><\/ul><\/span><\/div>\n\n<\/article><!-- .card -->\n<article class=\"cpt-card employee-card\" itemscope itemtype=\"http:\/\/schema.org\/Person\">\n\t<link itemprop=\"sameAs\" href=\"https:\/\/test.cardiacinstitute.bg\/ro\/team\/georgi-n-atanasov\/\"\/>\n    <a href=\"https:\/\/test.cardiacinstitute.bg\/ro\/team\/georgi-n-atanasov\/\">\n\t\t        <picture class=\"thumbnail\">\n\t\t\t<img loading=\"lazy\" decoding=\"async\" width=\"500\" height=\"500\" src=\"https:\/\/test.cardiacinstitute.bg\/wp-content\/uploads\/2024\/11\/georgi-n-atanasov-500x500.jpg\" class=\"attachment-employees-large size-employees-large wp-post-image\" alt=\"\" srcset=\"https:\/\/test.cardiacinstitute.bg\/wp-content\/uploads\/2024\/11\/georgi-n-atanasov-500x500.jpg 500w, https:\/\/test.cardiacinstitute.bg\/wp-content\/uploads\/2024\/11\/georgi-n-atanasov-300x300.jpg 300w, https:\/\/test.cardiacinstitute.bg\/wp-content\/uploads\/2024\/11\/georgi-n-atanasov-150x150.jpg 150w, https:\/\/test.cardiacinstitute.bg\/wp-content\/uploads\/2024\/11\/georgi-n-atanasov-600x600.jpg 600w, https:\/\/test.cardiacinstitute.bg\/wp-content\/uploads\/2024\/11\/georgi-n-atanasov.jpg 555w\" sizes=\"(max-width: 500px) 100vw, 500px\" itemprop=\"image\" \/>        <\/picture>\n        <div class=\"cpt-card-content\">\n            <h2 itemprop=\"name\">Georgi Atanasov, MD<\/h2>\n\t\t\t                <div itemprop=\"jobTitle\">pulmonolog<\/div>\n\t\t\t\n\t\t\t                <div itemprop=\"knowsAbout\"><\/div>\n\t\t\t\n\n        <\/div><!-- .card-content -->\n\t\t    <\/a>\n    <div class=\"employee-social-links\"><ul class=\"mk-employeee-networks s_meta\"><li><a target=\"_blank\" href=\"mailto:ge.&#97;ta&#110;a&#115;ov.&#112;n&#64;&#104;e&#97;&#114;&#116;a&#110;db&#114;&#97;in&#46;b&#103;\" title=\"Get In Touch With Georgi Atanasov, MD\"><i class=\"fa fa-envelope\"><\/i><\/a><\/li><\/ul><\/span><\/div>\n\n<\/article><!-- .card -->\n<article class=\"cpt-card employee-card\" itemscope itemtype=\"http:\/\/schema.org\/Person\">\n\t<link itemprop=\"sameAs\" href=\"https:\/\/test.cardiacinstitute.bg\/ro\/team\/aleksandar-tsakov\/\"\/>\n    <a href=\"https:\/\/test.cardiacinstitute.bg\/ro\/team\/aleksandar-tsakov\/\">\n\t\t        <picture class=\"thumbnail\">\n\t\t\t<img loading=\"lazy\" decoding=\"async\" width=\"500\" height=\"500\" src=\"https:\/\/test.cardiacinstitute.bg\/wp-content\/uploads\/2023\/05\/aleksandar-tsakov-500x500.jpg\" class=\"attachment-employees-large size-employees-large wp-post-image\" alt=\"\" srcset=\"https:\/\/test.cardiacinstitute.bg\/wp-content\/uploads\/2023\/05\/aleksandar-tsakov-500x500.jpg 500w, https:\/\/test.cardiacinstitute.bg\/wp-content\/uploads\/2023\/05\/aleksandar-tsakov-300x300.jpg 300w, https:\/\/test.cardiacinstitute.bg\/wp-content\/uploads\/2023\/05\/aleksandar-tsakov-150x150.jpg 150w, https:\/\/test.cardiacinstitute.bg\/wp-content\/uploads\/2023\/05\/aleksandar-tsakov-600x600.jpg 600w, https:\/\/test.cardiacinstitute.bg\/wp-content\/uploads\/2023\/05\/aleksandar-tsakov.jpg 555w\" sizes=\"(max-width: 500px) 100vw, 500px\" itemprop=\"image\" \/>        <\/picture>\n        <div class=\"cpt-card-content\">\n            <h2 itemprop=\"name\">Aleksandar Tsakov, MD<\/h2>\n\t\t\t                <div itemprop=\"jobTitle\">rezident pneumologie<\/div>\n\t\t\t\n\t\t\t                <div itemprop=\"knowsAbout\"><\/div>\n\t\t\t\n\n        <\/div><!-- .card-content -->\n\t\t    <\/a>\n    <div class=\"employee-social-links\"><ul class=\"mk-employeee-networks s_meta\"><li><a target=\"_blank\" href=\"mailto:a&#46;&#116;sa&#107;&#111;&#118;.p&#110;&#64;&#104;&#101;a&#114;tan&#100;&#98;rai&#110;&#46;&#98;&#103;\" title=\"Get In Touch With Aleksandar Tsakov, MD\"><i class=\"fa fa-envelope\"><\/i><\/a><\/li><\/ul><\/span><\/div>\n\n<\/article><!-- .card -->\n<article class=\"cpt-card employee-card\" itemscope itemtype=\"http:\/\/schema.org\/Person\">\n\t<link itemprop=\"sameAs\" href=\"https:\/\/test.cardiacinstitute.bg\/ro\/team\/eleonora-dragieva-marinova\/\"\/>\n    <a href=\"https:\/\/test.cardiacinstitute.bg\/ro\/team\/eleonora-dragieva-marinova\/\">\n\t\t        <picture class=\"thumbnail\">\n\t\t\t<img loading=\"lazy\" decoding=\"async\" width=\"500\" height=\"500\" src=\"https:\/\/test.cardiacinstitute.bg\/wp-content\/uploads\/2023\/05\/eleonora-dragieva-marinova-500x500.jpg\" class=\"attachment-employees-large size-employees-large wp-post-image\" alt=\"\" srcset=\"https:\/\/test.cardiacinstitute.bg\/wp-content\/uploads\/2023\/05\/eleonora-dragieva-marinova-500x500.jpg 500w, https:\/\/test.cardiacinstitute.bg\/wp-content\/uploads\/2023\/05\/eleonora-dragieva-marinova-300x300.jpg 300w, https:\/\/test.cardiacinstitute.bg\/wp-content\/uploads\/2023\/05\/eleonora-dragieva-marinova-150x150.jpg 150w, https:\/\/test.cardiacinstitute.bg\/wp-content\/uploads\/2023\/05\/eleonora-dragieva-marinova-600x600.jpg 600w, https:\/\/test.cardiacinstitute.bg\/wp-content\/uploads\/2023\/05\/eleonora-dragieva-marinova.jpg 555w\" sizes=\"(max-width: 500px) 100vw, 500px\" itemprop=\"image\" \/>        <\/picture>\n        <div class=\"cpt-card-content\">\n            <h2 itemprop=\"name\">Eleonora Dragieva-Marinova, MD<\/h2>\n\t\t\t                <div itemprop=\"jobTitle\">rezident pneumologie<\/div>\n\t\t\t\n\t\t\t                <div itemprop=\"knowsAbout\"><\/div>\n\t\t\t\n\n        <\/div><!-- .card-content -->\n\t\t    <\/a>\n    <div class=\"employee-social-links\"><ul class=\"mk-employeee-networks s_meta\"><li><a target=\"_blank\" href=\"mailto:&#101;&#46;&#109;&#97;rin&#111;va&#46;&#112;n&#64;heart&#97;nd&#98;r&#97;in.&#98;g\" title=\"Get In Touch With Eleonora Dragieva-Marinova, MD\"><i class=\"fa fa-envelope\"><\/i><\/a><\/li><\/ul><\/span><\/div>\n\n<\/article><!-- .card -->\n<article class=\"cpt-card employee-card\" itemscope itemtype=\"http:\/\/schema.org\/Person\">\n\t<link itemprop=\"sameAs\" href=\"https:\/\/test.cardiacinstitute.bg\/ro\/team\/daniela-stoycheva\/\"\/>\n    <a href=\"https:\/\/test.cardiacinstitute.bg\/ro\/team\/daniela-stoycheva\/\">\n\t\t        <picture class=\"thumbnail\">\n\t\t\t<img loading=\"lazy\" decoding=\"async\" width=\"500\" height=\"500\" src=\"https:\/\/test.cardiacinstitute.bg\/wp-content\/uploads\/2023\/05\/daniela-stoycheva-500x500.jpg\" class=\"attachment-employees-large size-employees-large wp-post-image\" alt=\"\" srcset=\"https:\/\/test.cardiacinstitute.bg\/wp-content\/uploads\/2023\/05\/daniela-stoycheva-500x500.jpg 500w, https:\/\/test.cardiacinstitute.bg\/wp-content\/uploads\/2023\/05\/daniela-stoycheva-300x300.jpg 300w, https:\/\/test.cardiacinstitute.bg\/wp-content\/uploads\/2023\/05\/daniela-stoycheva-150x150.jpg 150w, https:\/\/test.cardiacinstitute.bg\/wp-content\/uploads\/2023\/05\/daniela-stoycheva-600x600.jpg 600w, https:\/\/test.cardiacinstitute.bg\/wp-content\/uploads\/2023\/05\/daniela-stoycheva.jpg 555w\" sizes=\"(max-width: 500px) 100vw, 500px\" itemprop=\"image\" \/>        <\/picture>\n        <div class=\"cpt-card-content\">\n            <h2 itemprop=\"name\">Daniela Stoycheva, MD<\/h2>\n\t\t\t                <div itemprop=\"jobTitle\">rezident pneumologie<\/div>\n\t\t\t\n\t\t\t                <div itemprop=\"knowsAbout\"><\/div>\n\t\t\t\n\n        <\/div><!-- .card-content -->\n\t\t    <\/a>\n    <div class=\"employee-social-links\"><ul class=\"mk-employeee-networks s_meta\"><li><a target=\"_blank\" href=\"mailto:d.s&#116;oy&#99;&#104;e&#118;a&#46;&#112;n&#64;hea&#114;&#116;an&#100;&#98;&#114;ai&#110;&#46;&#98;&#103;\" title=\"Get In Touch With Daniela Stoycheva, MD\"><i class=\"fa fa-envelope\"><\/i><\/a><\/li><\/ul><\/span><\/div>\n\n<\/article><!-- .card -->\n<article class=\"cpt-card employee-card\" itemscope itemtype=\"http:\/\/schema.org\/Person\">\n\t<link itemprop=\"sameAs\" href=\"https:\/\/test.cardiacinstitute.bg\/ro\/team\/ivan-aleksandar-kolev\/\"\/>\n    <a href=\"https:\/\/test.cardiacinstitute.bg\/ro\/team\/ivan-aleksandar-kolev\/\">\n\t\t        <picture class=\"thumbnail\">\n\t\t\t<img loading=\"lazy\" decoding=\"async\" width=\"500\" height=\"500\" src=\"https:\/\/test.cardiacinstitute.bg\/wp-content\/uploads\/2023\/05\/ivan-aleksandar-kolev-500x500.jpg\" class=\"attachment-employees-large size-employees-large wp-post-image\" alt=\"\" srcset=\"https:\/\/test.cardiacinstitute.bg\/wp-content\/uploads\/2023\/05\/ivan-aleksandar-kolev-500x500.jpg 500w, https:\/\/test.cardiacinstitute.bg\/wp-content\/uploads\/2023\/05\/ivan-aleksandar-kolev-300x300.jpg 300w, https:\/\/test.cardiacinstitute.bg\/wp-content\/uploads\/2023\/05\/ivan-aleksandar-kolev-150x150.jpg 150w, https:\/\/test.cardiacinstitute.bg\/wp-content\/uploads\/2023\/05\/ivan-aleksandar-kolev-600x600.jpg 600w, https:\/\/test.cardiacinstitute.bg\/wp-content\/uploads\/2023\/05\/ivan-aleksandar-kolev.jpg 555w\" sizes=\"(max-width: 500px) 100vw, 500px\" itemprop=\"image\" \/>        <\/picture>\n        <div class=\"cpt-card-content\">\n            <h2 itemprop=\"name\">Ivan-Aleksandar Kolev, MD<\/h2>\n\t\t\t                <div itemprop=\"jobTitle\">rezident pneumologie<\/div>\n\t\t\t\n\t\t\t                <div itemprop=\"knowsAbout\"><\/div>\n\t\t\t\n\n        <\/div><!-- .card-content -->\n\t\t    <\/a>\n    <div class=\"employee-social-links\"><ul class=\"mk-employeee-networks s_meta\"><li><a target=\"_blank\" href=\"mailto:&#105;v&#46;&#107;&#111;l&#101;&#118;.&#112;&#110;&#64;h&#101;&#97;rt&#97;n&#100;&#98;&#114;&#97;in&#46;&#98;g\" title=\"Get In Touch With Ivan-Aleksandar Kolev, MD\"><i class=\"fa fa-envelope\"><\/i><\/a><\/li><\/ul><\/span><\/div>\n\n<\/article><!-- .card -->\n<article class=\"cpt-card employee-card\" itemscope itemtype=\"http:\/\/schema.org\/Person\">\n\t<link itemprop=\"sameAs\" href=\"https:\/\/test.cardiacinstitute.bg\/ro\/team\/vasilen-gerganski\/\"\/>\n    <a href=\"https:\/\/test.cardiacinstitute.bg\/ro\/team\/vasilen-gerganski\/\">\n\t\t        <picture class=\"thumbnail\">\n\t\t\t<img loading=\"lazy\" decoding=\"async\" width=\"500\" height=\"500\" src=\"https:\/\/test.cardiacinstitute.bg\/wp-content\/uploads\/2023\/05\/vasilen-gerganski-500x500.jpg\" class=\"attachment-employees-large size-employees-large wp-post-image\" alt=\"\" srcset=\"https:\/\/test.cardiacinstitute.bg\/wp-content\/uploads\/2023\/05\/vasilen-gerganski-500x500.jpg 500w, https:\/\/test.cardiacinstitute.bg\/wp-content\/uploads\/2023\/05\/vasilen-gerganski-300x300.jpg 300w, https:\/\/test.cardiacinstitute.bg\/wp-content\/uploads\/2023\/05\/vasilen-gerganski-150x150.jpg 150w, https:\/\/test.cardiacinstitute.bg\/wp-content\/uploads\/2023\/05\/vasilen-gerganski-600x600.jpg 600w, https:\/\/test.cardiacinstitute.bg\/wp-content\/uploads\/2023\/05\/vasilen-gerganski.jpg 555w\" sizes=\"(max-width: 500px) 100vw, 500px\" itemprop=\"image\" \/>        <\/picture>\n        <div class=\"cpt-card-content\">\n            <h2 itemprop=\"name\">Vasilen Gerganski, MD<\/h2>\n\t\t\t                <div itemprop=\"jobTitle\">rezident pneumologie<\/div>\n\t\t\t\n\t\t\t                <div itemprop=\"knowsAbout\"><\/div>\n\t\t\t\n\n        <\/div><!-- .card-content -->\n\t\t    <\/a>\n    <div class=\"employee-social-links\"><ul class=\"mk-employeee-networks s_meta\"><li><a target=\"_blank\" href=\"mailto:v&#46;&#103;e&#114;&#103;a&#110;&#115;k&#105;.p&#110;&#64;&#104;ear&#116;&#97;&#110;&#100;&#98;&#114;a&#105;&#110;.bg\" title=\"Get In Touch With Vasilen Gerganski, MD\"><i class=\"fa fa-envelope\"><\/i><\/a><\/li><\/ul><\/span><\/div>\n\n<\/article><!-- .card -->\n<article class=\"cpt-card employee-card\" itemscope itemtype=\"http:\/\/schema.org\/Person\">\n\t<link itemprop=\"sameAs\" href=\"https:\/\/test.cardiacinstitute.bg\/ro\/team\/nilyay-behadin\/\"\/>\n    <a href=\"https:\/\/test.cardiacinstitute.bg\/ro\/team\/nilyay-behadin\/\">\n\t\t        <picture class=\"thumbnail\">\n\t\t\t<img loading=\"lazy\" decoding=\"async\" width=\"500\" height=\"500\" src=\"https:\/\/test.cardiacinstitute.bg\/wp-content\/uploads\/2023\/05\/nilyay-behadin-500x500.jpg\" class=\"attachment-employees-large size-employees-large wp-post-image\" alt=\"\" srcset=\"https:\/\/test.cardiacinstitute.bg\/wp-content\/uploads\/2023\/05\/nilyay-behadin-500x500.jpg 500w, https:\/\/test.cardiacinstitute.bg\/wp-content\/uploads\/2023\/05\/nilyay-behadin-300x300.jpg 300w, https:\/\/test.cardiacinstitute.bg\/wp-content\/uploads\/2023\/05\/nilyay-behadin-150x150.jpg 150w, https:\/\/test.cardiacinstitute.bg\/wp-content\/uploads\/2023\/05\/nilyay-behadin-600x600.jpg 600w, https:\/\/test.cardiacinstitute.bg\/wp-content\/uploads\/2023\/05\/nilyay-behadin.jpg 555w\" sizes=\"(max-width: 500px) 100vw, 500px\" itemprop=\"image\" \/>        <\/picture>\n        <div class=\"cpt-card-content\">\n            <h2 itemprop=\"name\">Nilyay Behadin, MD<\/h2>\n\t\t\t                <div itemprop=\"jobTitle\">rezident pneumologie<\/div>\n\t\t\t\n\t\t\t                <div itemprop=\"knowsAbout\"><\/div>\n\t\t\t\n\n        <\/div><!-- .card-content -->\n\t\t    <\/a>\n    <div class=\"employee-social-links\"><ul class=\"mk-employeee-networks s_meta\"><\/ul><\/span><\/div>\n\n<\/article><!-- .card -->\n<article class=\"cpt-card employee-card\" itemscope itemtype=\"http:\/\/schema.org\/Person\">\n\t<link itemprop=\"sameAs\" href=\"https:\/\/test.cardiacinstitute.bg\/ro\/team\/nadya-kirova\/\"\/>\n    <a href=\"https:\/\/test.cardiacinstitute.bg\/ro\/team\/nadya-kirova\/\">\n\t\t        <picture class=\"thumbnail\">\n\t\t\t<img loading=\"lazy\" decoding=\"async\" width=\"500\" height=\"500\" src=\"https:\/\/test.cardiacinstitute.bg\/wp-content\/uploads\/2024\/11\/nadya-kirova-500x500.jpg\" class=\"attachment-employees-large size-employees-large wp-post-image\" alt=\"\" srcset=\"https:\/\/test.cardiacinstitute.bg\/wp-content\/uploads\/2024\/11\/nadya-kirova-500x500.jpg 500w, https:\/\/test.cardiacinstitute.bg\/wp-content\/uploads\/2024\/11\/nadya-kirova-300x300.jpg 300w, https:\/\/test.cardiacinstitute.bg\/wp-content\/uploads\/2024\/11\/nadya-kirova-150x150.jpg 150w, https:\/\/test.cardiacinstitute.bg\/wp-content\/uploads\/2024\/11\/nadya-kirova-600x600.jpg 600w, https:\/\/test.cardiacinstitute.bg\/wp-content\/uploads\/2024\/11\/nadya-kirova.jpg 555w\" sizes=\"(max-width: 500px) 100vw, 500px\" itemprop=\"image\" \/>        <\/picture>\n        <div class=\"cpt-card-content\">\n            <h2 itemprop=\"name\">Nadya Kirova<\/h2>\n\t\t\t                <div itemprop=\"jobTitle\">asistent\u0103 \u0219ef\u0103<\/div>\n\t\t\t\n\t\t\t                <div itemprop=\"knowsAbout\"><\/div>\n\t\t\t\n\n        <\/div><!-- .card-content -->\n\t\t    <\/a>\n    <div class=\"employee-social-links\"><ul class=\"mk-employeee-networks s_meta\"><li><a target=\"_blank\" href=\"mailto:&#110;.&#107;&#105;&#114;&#111;v&#97;&#46;&#112;&#110;&#64;h&#101;&#97;&#114;ta&#110;d&#98;ra&#105;&#110;.bg\" title=\"Get In Touch With Nadya Kirova\"><i class=\"fa fa-envelope\"><\/i><\/a><\/li><\/ul><\/span><\/div>\n\n<\/article><!-- .card -->            <\/div><!-- .cards -->\n\t\t\t<\/section><!-- .content-area -->[\/vc_column][\/vc_row]<\/p>\n<\/div>","protected":false},"excerpt":{"rendered":"<p>[mk_page_section bg_color=&#8221;#1e73be&#8221; padding_top=&#8221;40&#8243; padding_bottom=&#8221;40&#8243; sidebar=&#8221;sidebar-1&#8243;][vc_column][mk_fancy_title tag_name=&#8221;h4&#8243; color=&#8221;#ffffff&#8221; size=&#8221;48&#8243; force_font_size=&#8221;true&#8221; size_tablet=&#8221;40&#8243; font_weight=&#8221;400&#8243; txt_transform=&#8221;uppercase&#8221; margin_top=&#8221;15&#8243; margin_bottom=&#8221;0&#8243; font_family=&#8221;Open+Sans&#8221; font_type=&#8221;google&#8221; align=&#8221;center&#8221; animation=&#8221;top-to-bottom&#8221;]Pneumologie[\/mk_fancy_title][\/vc_column][\/mk_page_section][vc_row][vc_column][mk_padding_divider][vc_column_text css=&#8221;.vc_custom_1660831111614{margin-bottom: 0px !important;}&#8221;]Despre departament: Sec\u021bia de Pneumologie este format\u0103 dintr-o echip\u0103 de speciali\u0219ti cu o vast\u0103 experien\u021b\u0103 \u00een afec\u021biuni pulmonare precum astmul bron\u0219ic, boala pulmonar\u0103 obstructiv\u0103 cronic\u0103, pneumonia \u0219i insuficien\u021ba respiratorie, diagnosticarea \u0219i tratarea apneei obstructive \u00een [&hellip;]<\/p>\n","protected":false},"author":1,"featured_media":0,"parent":24710,"menu_order":0,"comment_status":"closed","ping_status":"closed","template":"full-width.php","meta":{"_acf_changed":false,"_eb_attr":"","rs_blank_template":"","rs_page_bg_color":"","slide_template_v7":"","footnotes":""},"class_list":["post-24780","page","type-page","status-publish","hentry"],"acf":[],"_links":{"self":[{"href":"https:\/\/test.cardiacinstitute.bg\/ro\/wp-json\/wp\/v2\/pages\/24780","targetHints":{"allow":["GET"]}}],"collection":[{"href":"https:\/\/test.cardiacinstitute.bg\/ro\/wp-json\/wp\/v2\/pages"}],"about":[{"href":"https:\/\/test.cardiacinstitute.bg\/ro\/wp-json\/wp\/v2\/types\/page"}],"author":[{"embeddable":true,"href":"https:\/\/test.cardiacinstitute.bg\/ro\/wp-json\/wp\/v2\/users\/1"}],"replies":[{"embeddable":true,"href":"https:\/\/test.cardiacinstitute.bg\/ro\/wp-json\/wp\/v2\/comments?post=24780"}],"version-history":[{"count":7,"href":"https:\/\/test.cardiacinstitute.bg\/ro\/wp-json\/wp\/v2\/pages\/24780\/revisions"}],"predecessor-version":[{"id":50146,"href":"https:\/\/test.cardiacinstitute.bg\/ro\/wp-json\/wp\/v2\/pages\/24780\/revisions\/50146"}],"up":[{"embeddable":true,"href":"https:\/\/test.cardiacinstitute.bg\/ro\/wp-json\/wp\/v2\/pages\/24710"}],"wp:attachment":[{"href":"https:\/\/test.cardiacinstitute.bg\/ro\/wp-json\/wp\/v2\/media?parent=24780"}],"curies":[{"name":"wp","href":"https:\/\/api.w.org\/{rel}","templated":true}]}}