{"id":24774,"date":"2022-08-18T13:54:26","date_gmt":"2022-08-18T13:54:26","guid":{"rendered":"https:\/\/test.cardiacinstitute.bg\/?page_id=24774"},"modified":"2025-02-05T08:30:22","modified_gmt":"2025-02-05T08:30:22","slug":"radiotherapy-department","status":"publish","type":"page","link":"https:\/\/test.cardiacinstitute.bg\/ro\/hospitals-and-centers\/heart-and-brain-center-of-excellence-pleven\/clinics-and-departments\/radiotherapy-department\/","title":{"rendered":"Radioterapie"},"content":{"rendered":"<div class=\"wpb-content-wrapper\"><p>[mk_page_section bg_color=&#8221;#1e73be&#8221; padding_top=&#8221;40&#8243; padding_bottom=&#8221;40&#8243; sidebar=&#8221;sidebar-1&#8243;][vc_column][mk_fancy_title tag_name=&#8221;h4&#8243; color=&#8221;#ffffff&#8221; size=&#8221;48&#8243; force_font_size=&#8221;true&#8221; size_tablet=&#8221;40&#8243; font_weight=&#8221;400&#8243; txt_transform=&#8221;uppercase&#8221; margin_top=&#8221;15&#8243; margin_bottom=&#8221;0&#8243; font_family=&#8221;Open+Sans&#8221; font_type=&#8221;google&#8221; align=&#8221;center&#8221; animation=&#8221;top-to-bottom&#8221;]Radioterapie[\/mk_fancy_title][\/vc_column][\/mk_page_section][vc_row][vc_column][mk_padding_divider][vc_column_text css=&#8221;.vc_custom_1660830947398{margin-bottom: 0px !important;}&#8221;]<strong>Despre departament:<\/strong><br \/>\nDepartamentul de Radioterapie folose\u0219te echipamente combinate de radioterapie de cea mai \u00eenalt\u0103 calitate: un Leksell Gamma Knife Icon \u2013 singurul cu\u021bit gamma din Bulgaria \u2013 \u0219i un accelerator liniar Elekta Versa HD, realizat de un produc\u0103tor lider de echipamente de radioterapie la nivel european \u0219i global.<\/p>\n<p>Specialistii din departamentul nostru sunt primii din Bulgaria care propun un tratament de radiochirurgie (RS) la nivel mondial. Radiochirurgia este o metod\u0103 de tratament \u00een care zonele selectate de \u021besut compromis patologic sunt distruse cu mare precizie folosind radia\u021bii ionizante.<\/p>\n<p><strong>Activit\u0103\u021bi:<\/strong><br \/>\nCu\u021bitul Gamma este folosit pentru a trata toate tipurile de tumori din zona capului, cu rezultate optime pentru tumori de p\u00e2n\u0103 la 1,5 cm. O doz\u0103 mare de radia\u021bii este concentrat\u0103 \u00een zona \u021besutului tumoral \u00een timpul unei p\u00e2n\u0103 la cinci proceduri consecutive. Opera\u021bia este efectuat\u0103 cu o precizie extrem\u0103 \u2013 p\u00e2n\u0103 la o zecime de milimetru. Tehnologia este cel mai bine adaptat\u0103 la tratamentul RS specializat al creierului \u0219i meningelor. RS ofer\u0103 rezultate remarcabile cu tumori situate aproape de centrii cerebrali importan\u021bi. Metoda blocheaz\u0103 posibilitatea de reproducere a \u021besutului patologic prin deteriorarea structurilor vitale ale celulelor bolnave. \u00cen acest mod, aceste celule se sting progresiv, iar tumora se mic\u0219oreaz\u0103 \u0219i dispare, fiind \u00een acela\u0219i timp \u00eenlocuit\u0103 par\u021bial de \u021besut conjunctiv. Metoda este f\u0103r\u0103 s\u00e2nge, nu implic\u0103 o interven\u021bie chirurgical\u0103 standard \u0219i permite \u00eendep\u0103rtarea tumorilor cerebrale benigne \u0219i maligne f\u0103r\u0103 nicio incizie sau necesitatea suturii; nu este nevoie de \u00eendep\u0103rtarea osoas\u0103, nu exist\u0103 leziuni ale structurilor cerebrale adiacente responsabile de audi\u021bie, vedere, mi\u0219care, respira\u021bie sau activitate cardiac\u0103; nu este nevoie s\u0103 anesteziazi pacientul.<\/p>\n<p>RS este cel mai adesea utilizat pentru tratamentul metastazelor cerebrale simple sau multiple (p\u00e2n\u0103 la 10). Metastazele tuturor tipurilor de tumori maligne pot fi tratate. Este utilizat \u0219i pentru tratarea tumorilor benigne ale meningelor (meningoame). Metoda ofer\u0103, de asemenea, rezultate remarcabile cu malforma\u021bii arteriovenoase, cavernoame, nevrinoame sau schwannoame acustice, nevralgie de trigemen \u0219i tumori ale glandei pituitare.<\/p>\n<p>&nbsp;<\/p>\n<p>Combinarea unui cu\u021bit Gamma cu un accelerator liniar de ultim\u0103 genera\u021bie permite, pe l\u00e2ng\u0103 RS cerebral\u0103, s\u0103 se efectueze RS pe \u00eentregul corp, precum \u0219i s\u0103 se administreze toate tipurile de radioterapie conven\u021bional\u0103 \u0219i radio-chimioterapie combinat\u0103 a tumorilor sistemului nervos central. (cerebral \u0219i m\u0103duva spin\u0103rii), cap \u0219i g\u00e2t, pl\u0103m\u00e2ni \u0219i glanda mamar\u0103, tumor\u0103 a mediastinului, tumori ale ficatului \u0219i pancreasului, tumori abdominale, tumori ale vezicii urinare, tumori genitale feminine (col uterin, uter etc.), tumori genitale masculine (prostat\u0103, testicule etc.), tumori ale rectului \u0219i anusului, boli necanceroase cu cre\u0219tere agresiv\u0103 etc.<\/p>\n<p>Tumorile cerebrale cu dimensiuni mai mari de 3,0 cm con\u021bin zone cu nutri\u021bie afectat\u0103, prezent\u00e2nd celule \u201edormite\u201d care nu se divid \u0219i nu sunt sensibile la radia\u021bii, adic\u0103 sunt inadecvate pentru tratamentul radiochirurgical. Acesta este motivul principal pentru care aceste tumori trebuie \u00eendep\u0103rtate prin interven\u021bie chirurgical\u0103 sau tratate printr-o metod\u0103 diferit\u0103 de radioterapie (radioterapia conven\u021bional\u0103).<\/p>\n<p>Toate tipurile de tratamente se efectueaz\u0103 la spital, unde este asigurat\u0103 o comunicare rapid\u0103 \u0219i productiv\u0103 \u00eentre toate clinicile, \u00een beneficiul pacien\u021bilor no\u0219tri.[\/vc_column_text][mk_padding_divider size=&#8221;120&#8243;]\n<section class=\"content-area\">\n\t\t\n            <div class=\"cpt-cards column-four\">\n\t\t\t\t\n<article class=\"cpt-card employee-card\" itemscope itemtype=\"http:\/\/schema.org\/Person\">\n\t<link itemprop=\"sameAs\" href=\"https:\/\/test.cardiacinstitute.bg\/ro\/team\/nikola-bildirev\/\"\/>\n    <a href=\"https:\/\/test.cardiacinstitute.bg\/ro\/team\/nikola-bildirev\/\">\n\t\t        <picture class=\"thumbnail\">\n\t\t\t<img fetchpriority=\"high\" decoding=\"async\" width=\"500\" height=\"500\" src=\"https:\/\/test.cardiacinstitute.bg\/wp-content\/uploads\/2021\/03\/d-r-nikola-bildirev-500x500.jpg\" class=\"attachment-employees-large size-employees-large wp-post-image\" alt=\"\" srcset=\"https:\/\/test.cardiacinstitute.bg\/wp-content\/uploads\/2021\/03\/d-r-nikola-bildirev-500x500.jpg 500w, https:\/\/test.cardiacinstitute.bg\/wp-content\/uploads\/2021\/03\/d-r-nikola-bildirev-300x300.jpg 300w, https:\/\/test.cardiacinstitute.bg\/wp-content\/uploads\/2021\/03\/d-r-nikola-bildirev-150x150.jpg 150w, https:\/\/test.cardiacinstitute.bg\/wp-content\/uploads\/2021\/03\/d-r-nikola-bildirev-266x266.jpg 266w, https:\/\/test.cardiacinstitute.bg\/wp-content\/uploads\/2021\/03\/d-r-nikola-bildirev-600x600.jpg 600w, https:\/\/test.cardiacinstitute.bg\/wp-content\/uploads\/2021\/03\/d-r-nikola-bildirev.jpg 555w\" sizes=\"(max-width: 500px) 100vw, 500px\" itemprop=\"image\" \/>        <\/picture>\n        <div class=\"cpt-card-content\">\n            <h2 itemprop=\"name\">Nikola Bildirev, MD<\/h2>\n\t\t\t                <div itemprop=\"jobTitle\">oncolog radioterapie<\/div>\n\t\t\t\n\t\t\t                <div itemprop=\"knowsAbout\"><\/div>\n\t\t\t\n\n        <\/div><!-- .card-content -->\n\t\t    <\/a>\n    <div class=\"employee-social-links\"><ul class=\"mk-employeee-networks s_meta\"><li><a target=\"_blank\" href=\"mailto:&#110;.&#98;i&#108;&#100;ir&#101;v.&#112;&#110;&#64;he&#97;r&#116;a&#110;&#100;&#98;rai&#110;.&#98;g\" title=\"Get In Touch With Nikola Bildirev, MD\"><i class=\"fa fa-envelope\"><\/i><\/a><\/li><\/ul><\/span><\/div>\n\n<\/article><!-- .card -->\n<article class=\"cpt-card employee-card\" itemscope itemtype=\"http:\/\/schema.org\/Person\">\n\t<link itemprop=\"sameAs\" href=\"https:\/\/test.cardiacinstitute.bg\/ro\/team\/boryana-atanasova\/\"\/>\n    <a href=\"https:\/\/test.cardiacinstitute.bg\/ro\/team\/boryana-atanasova\/\">\n\t\t        <picture class=\"thumbnail\">\n\t\t\t<img decoding=\"async\" width=\"500\" height=\"500\" src=\"https:\/\/test.cardiacinstitute.bg\/wp-content\/uploads\/2021\/03\/d-r-boryana-atanasova-500x500.jpg\" class=\"attachment-employees-large size-employees-large wp-post-image\" alt=\"\" srcset=\"https:\/\/test.cardiacinstitute.bg\/wp-content\/uploads\/2021\/03\/d-r-boryana-atanasova-500x500.jpg 500w, https:\/\/test.cardiacinstitute.bg\/wp-content\/uploads\/2021\/03\/d-r-boryana-atanasova-300x300.jpg 300w, https:\/\/test.cardiacinstitute.bg\/wp-content\/uploads\/2021\/03\/d-r-boryana-atanasova-150x150.jpg 150w, https:\/\/test.cardiacinstitute.bg\/wp-content\/uploads\/2021\/03\/d-r-boryana-atanasova-266x266.jpg 266w, https:\/\/test.cardiacinstitute.bg\/wp-content\/uploads\/2021\/03\/d-r-boryana-atanasova-600x600.jpg 600w, https:\/\/test.cardiacinstitute.bg\/wp-content\/uploads\/2021\/03\/d-r-boryana-atanasova.jpg 555w\" sizes=\"(max-width: 500px) 100vw, 500px\" itemprop=\"image\" \/>        <\/picture>\n        <div class=\"cpt-card-content\">\n            <h2 itemprop=\"name\">Boryana Atanasova, MD<\/h2>\n\t\t\t                <div itemprop=\"jobTitle\">oncolog radioterapie<\/div>\n\t\t\t\n\t\t\t                <div itemprop=\"knowsAbout\"><\/div>\n\t\t\t\n\n        <\/div><!-- .card-content -->\n\t\t    <\/a>\n    <div class=\"employee-social-links\"><ul class=\"mk-employeee-networks s_meta\"><li><a target=\"_blank\" href=\"mailto:bo&#46;ata&#110;&#97;s&#111;&#118;&#97;.&#112;n&#64;&#104;eartan&#100;&#98;&#114;&#97;in&#46;b&#103;\" title=\"Get In Touch With Boryana Atanasova, MD\"><i class=\"fa fa-envelope\"><\/i><\/a><\/li><\/ul><\/span><\/div>\n\n<\/article><!-- .card -->\n<article class=\"cpt-card employee-card\" itemscope itemtype=\"http:\/\/schema.org\/Person\">\n\t<link itemprop=\"sameAs\" href=\"https:\/\/test.cardiacinstitute.bg\/ro\/team\/bilyana-korabova\/\"\/>\n    <a href=\"https:\/\/test.cardiacinstitute.bg\/ro\/team\/bilyana-korabova\/\">\n\t\t        <picture class=\"thumbnail\">\n\t\t\t<img decoding=\"async\" width=\"500\" height=\"500\" src=\"https:\/\/test.cardiacinstitute.bg\/wp-content\/uploads\/2022\/12\/bilyana-korabova-500x500.jpg\" class=\"attachment-employees-large size-employees-large wp-post-image\" alt=\"\" srcset=\"https:\/\/test.cardiacinstitute.bg\/wp-content\/uploads\/2022\/12\/bilyana-korabova-500x500.jpg 500w, https:\/\/test.cardiacinstitute.bg\/wp-content\/uploads\/2022\/12\/bilyana-korabova-300x300.jpg 300w, https:\/\/test.cardiacinstitute.bg\/wp-content\/uploads\/2022\/12\/bilyana-korabova-150x150.jpg 150w, https:\/\/test.cardiacinstitute.bg\/wp-content\/uploads\/2022\/12\/bilyana-korabova-600x600.jpg 600w, https:\/\/test.cardiacinstitute.bg\/wp-content\/uploads\/2022\/12\/bilyana-korabova.jpg 555w\" sizes=\"(max-width: 500px) 100vw, 500px\" itemprop=\"image\" \/>        <\/picture>\n        <div class=\"cpt-card-content\">\n            <h2 itemprop=\"name\">Bilyana Korabova, MD<\/h2>\n\t\t\t                <div itemprop=\"jobTitle\">oncolog radioterapie<\/div>\n\t\t\t\n\t\t\t                <div itemprop=\"knowsAbout\"><\/div>\n\t\t\t\n\n        <\/div><!-- .card-content -->\n\t\t    <\/a>\n    <div class=\"employee-social-links\"><ul class=\"mk-employeee-networks s_meta\"><li><a target=\"_blank\" href=\"mailto:b.kora&#98;ov&#97;&#46;p&#110;&#64;he&#97;r&#116;&#97;n&#100;&#98;r&#97;i&#110;&#46;&#98;&#103;\" title=\"Get In Touch With Bilyana Korabova, MD\"><i class=\"fa fa-envelope\"><\/i><\/a><\/li><\/ul><\/span><\/div>\n\n<\/article><!-- .card -->\n<article class=\"cpt-card employee-card\" itemscope itemtype=\"http:\/\/schema.org\/Person\">\n\t<link itemprop=\"sameAs\" href=\"https:\/\/test.cardiacinstitute.bg\/ro\/team\/petar-vanev\/\"\/>\n    <a href=\"https:\/\/test.cardiacinstitute.bg\/ro\/team\/petar-vanev\/\">\n\t\t        <picture class=\"thumbnail\">\n\t\t\t<img loading=\"lazy\" decoding=\"async\" width=\"500\" height=\"500\" src=\"https:\/\/test.cardiacinstitute.bg\/wp-content\/uploads\/2025\/04\/petar-vanev-500x500.jpg\" class=\"attachment-employees-large size-employees-large wp-post-image\" alt=\"\" srcset=\"https:\/\/test.cardiacinstitute.bg\/wp-content\/uploads\/2025\/04\/petar-vanev-500x500.jpg 500w, https:\/\/test.cardiacinstitute.bg\/wp-content\/uploads\/2025\/04\/petar-vanev-300x300.jpg 300w, https:\/\/test.cardiacinstitute.bg\/wp-content\/uploads\/2025\/04\/petar-vanev-150x150.jpg 150w, https:\/\/test.cardiacinstitute.bg\/wp-content\/uploads\/2025\/04\/petar-vanev-600x600.jpg 600w, https:\/\/test.cardiacinstitute.bg\/wp-content\/uploads\/2025\/04\/petar-vanev.jpg 555w\" sizes=\"(max-width: 500px) 100vw, 500px\" itemprop=\"image\" \/>        <\/picture>\n        <div class=\"cpt-card-content\">\n            <h2 itemprop=\"name\">Petar Vanev, MD<\/h2>\n\t\t\t                <div itemprop=\"jobTitle\">oncolog radioterapie<\/div>\n\t\t\t\n\t\t\t                <div itemprop=\"knowsAbout\"><\/div>\n\t\t\t\n\n        <\/div><!-- .card-content -->\n\t\t    <\/a>\n    <div class=\"employee-social-links\"><ul class=\"mk-employeee-networks s_meta\"><li><a target=\"_blank\" href=\"mailto:p.&#118;a&#110;&#101;v&#46;&#112;&#110;&#64;&#104;e&#97;rt&#97;&#110;&#100;&#98;&#114;ain&#46;&#98;g\" title=\"Get In Touch With Petar Vanev, MD\"><i class=\"fa fa-envelope\"><\/i><\/a><\/li><\/ul><\/span><\/div>\n\n<\/article><!-- .card -->\n<article class=\"cpt-card employee-card\" itemscope itemtype=\"http:\/\/schema.org\/Person\">\n\t<link itemprop=\"sameAs\" href=\"https:\/\/test.cardiacinstitute.bg\/ro\/team\/irina-horot\/\"\/>\n    <a href=\"https:\/\/test.cardiacinstitute.bg\/ro\/team\/irina-horot\/\">\n\t\t        <picture class=\"thumbnail\">\n\t\t\t<img loading=\"lazy\" decoding=\"async\" width=\"500\" height=\"500\" src=\"https:\/\/test.cardiacinstitute.bg\/wp-content\/uploads\/2025\/10\/irina-horot-500x500.jpg\" class=\"attachment-employees-large size-employees-large wp-post-image\" alt=\"\" srcset=\"https:\/\/test.cardiacinstitute.bg\/wp-content\/uploads\/2025\/10\/irina-horot-500x500.jpg 500w, https:\/\/test.cardiacinstitute.bg\/wp-content\/uploads\/2025\/10\/irina-horot-300x300.jpg 300w, https:\/\/test.cardiacinstitute.bg\/wp-content\/uploads\/2025\/10\/irina-horot-150x150.jpg 150w, https:\/\/test.cardiacinstitute.bg\/wp-content\/uploads\/2025\/10\/irina-horot-600x600.jpg 600w, https:\/\/test.cardiacinstitute.bg\/wp-content\/uploads\/2025\/10\/irina-horot.jpg 555w\" sizes=\"(max-width: 500px) 100vw, 500px\" itemprop=\"image\" \/>        <\/picture>\n        <div class=\"cpt-card-content\">\n            <h2 itemprop=\"name\">Irina Horot, MD<\/h2>\n\t\t\t                <div itemprop=\"jobTitle\">oncolog radioterapie<\/div>\n\t\t\t\n\t\t\t                <div itemprop=\"knowsAbout\"><\/div>\n\t\t\t\n\n        <\/div><!-- .card-content -->\n\t\t    <\/a>\n    <div class=\"employee-social-links\"><ul class=\"mk-employeee-networks s_meta\"><li><a target=\"_blank\" href=\"mailto:i.horo&#116;&#46;p&#110;&#64;h&#101;&#97;r&#116;&#97;nd&#98;&#114;&#97;&#105;&#110;&#46;b&#103;\" title=\"Get In Touch With Irina Horot, MD\"><i class=\"fa fa-envelope\"><\/i><\/a><\/li><\/ul><\/span><\/div>\n\n<\/article><!-- .card -->\n<article class=\"cpt-card employee-card\" itemscope itemtype=\"http:\/\/schema.org\/Person\">\n\t<link itemprop=\"sameAs\" href=\"https:\/\/test.cardiacinstitute.bg\/ro\/team\/ivaylo-petrov\/\"\/>\n    <a href=\"https:\/\/test.cardiacinstitute.bg\/ro\/team\/ivaylo-petrov\/\">\n\t\t        <picture class=\"thumbnail\">\n\t\t\t<img loading=\"lazy\" decoding=\"async\" width=\"500\" height=\"500\" src=\"https:\/\/test.cardiacinstitute.bg\/wp-content\/uploads\/2021\/03\/d-r-ivaylo-stanimirov-500x500.jpg\" class=\"attachment-employees-large size-employees-large wp-post-image\" alt=\"\" srcset=\"https:\/\/test.cardiacinstitute.bg\/wp-content\/uploads\/2021\/03\/d-r-ivaylo-stanimirov-500x500.jpg 500w, https:\/\/test.cardiacinstitute.bg\/wp-content\/uploads\/2021\/03\/d-r-ivaylo-stanimirov-300x300.jpg 300w, https:\/\/test.cardiacinstitute.bg\/wp-content\/uploads\/2021\/03\/d-r-ivaylo-stanimirov-150x150.jpg 150w, https:\/\/test.cardiacinstitute.bg\/wp-content\/uploads\/2021\/03\/d-r-ivaylo-stanimirov-266x266.jpg 266w, https:\/\/test.cardiacinstitute.bg\/wp-content\/uploads\/2021\/03\/d-r-ivaylo-stanimirov-600x600.jpg 600w, https:\/\/test.cardiacinstitute.bg\/wp-content\/uploads\/2021\/03\/d-r-ivaylo-stanimirov.jpg 555w\" sizes=\"(max-width: 500px) 100vw, 500px\" itemprop=\"image\" \/>        <\/picture>\n        <div class=\"cpt-card-content\">\n            <h2 itemprop=\"name\">Ivaylo Petrov, MD<\/h2>\n\t\t\t                <div itemprop=\"jobTitle\">rezident radioterapie oncologic\u0103<\/div>\n\t\t\t\n\t\t\t                <div itemprop=\"knowsAbout\"><\/div>\n\t\t\t\n\n        <\/div><!-- .card-content -->\n\t\t    <\/a>\n    <div class=\"employee-social-links\"><ul class=\"mk-employeee-networks s_meta\"><li><a target=\"_blank\" href=\"mailto:&#105;.&#115;&#116;&#97;&#110;&#105;&#109;&#105;r&#111;v&#64;&#104;e&#97;r&#116;&#97;&#110;d&#98;&#114;a&#105;&#110;.bg\" title=\"Get In Touch With Ivaylo Petrov, MD\"><i class=\"fa fa-envelope\"><\/i><\/a><\/li><\/ul><\/span><\/div>\n\n<\/article><!-- .card -->\n<article class=\"cpt-card employee-card\" itemscope itemtype=\"http:\/\/schema.org\/Person\">\n\t<link itemprop=\"sameAs\" href=\"https:\/\/test.cardiacinstitute.bg\/ro\/team\/dimitar-maslarski\/\"\/>\n    <a href=\"https:\/\/test.cardiacinstitute.bg\/ro\/team\/dimitar-maslarski\/\">\n\t\t        <picture class=\"thumbnail\">\n\t\t\t<img loading=\"lazy\" decoding=\"async\" width=\"500\" height=\"500\" src=\"https:\/\/test.cardiacinstitute.bg\/wp-content\/uploads\/2025\/10\/dimitar-maslarski-500x500.jpg\" class=\"attachment-employees-large size-employees-large wp-post-image\" alt=\"\" srcset=\"https:\/\/test.cardiacinstitute.bg\/wp-content\/uploads\/2025\/10\/dimitar-maslarski-500x500.jpg 500w, https:\/\/test.cardiacinstitute.bg\/wp-content\/uploads\/2025\/10\/dimitar-maslarski-300x300.jpg 300w, https:\/\/test.cardiacinstitute.bg\/wp-content\/uploads\/2025\/10\/dimitar-maslarski-150x150.jpg 150w, https:\/\/test.cardiacinstitute.bg\/wp-content\/uploads\/2025\/10\/dimitar-maslarski-600x600.jpg 600w, https:\/\/test.cardiacinstitute.bg\/wp-content\/uploads\/2025\/10\/dimitar-maslarski.jpg 555w\" sizes=\"(max-width: 500px) 100vw, 500px\" itemprop=\"image\" \/>        <\/picture>\n        <div class=\"cpt-card-content\">\n            <h2 itemprop=\"name\">Dimitar Maslarski, MD<\/h2>\n\t\t\t                <div itemprop=\"jobTitle\">rezident radioterapie oncologic\u0103<\/div>\n\t\t\t\n\t\t\t                <div itemprop=\"knowsAbout\"><\/div>\n\t\t\t\n\n        <\/div><!-- .card-content -->\n\t\t    <\/a>\n    <div class=\"employee-social-links\"><ul class=\"mk-employeee-networks s_meta\"><\/ul><\/span><\/div>\n\n<\/article><!-- .card -->\n<article class=\"cpt-card employee-card\" itemscope itemtype=\"http:\/\/schema.org\/Person\">\n\t<link itemprop=\"sameAs\" href=\"https:\/\/test.cardiacinstitute.bg\/ro\/team\/zornitsa-genova\/\"\/>\n    <a href=\"https:\/\/test.cardiacinstitute.bg\/ro\/team\/zornitsa-genova\/\">\n\t\t        <picture class=\"thumbnail\">\n\t\t\t<img loading=\"lazy\" decoding=\"async\" width=\"500\" height=\"500\" src=\"https:\/\/test.cardiacinstitute.bg\/wp-content\/uploads\/2024\/11\/zornitsa-genova-500x500.jpg\" class=\"attachment-employees-large size-employees-large wp-post-image\" alt=\"\" srcset=\"https:\/\/test.cardiacinstitute.bg\/wp-content\/uploads\/2024\/11\/zornitsa-genova-500x500.jpg 500w, https:\/\/test.cardiacinstitute.bg\/wp-content\/uploads\/2024\/11\/zornitsa-genova-300x300.jpg 300w, https:\/\/test.cardiacinstitute.bg\/wp-content\/uploads\/2024\/11\/zornitsa-genova-150x150.jpg 150w, https:\/\/test.cardiacinstitute.bg\/wp-content\/uploads\/2024\/11\/zornitsa-genova-600x600.jpg 600w, https:\/\/test.cardiacinstitute.bg\/wp-content\/uploads\/2024\/11\/zornitsa-genova.jpg 555w\" sizes=\"(max-width: 500px) 100vw, 500px\" itemprop=\"image\" \/>        <\/picture>\n        <div class=\"cpt-card-content\">\n            <h2 itemprop=\"name\">Zornitsa Genova<\/h2>\n\t\t\t                <div itemprop=\"jobTitle\">tehnician raze X<\/div>\n\t\t\t\n\t\t\t                <div itemprop=\"knowsAbout\"><\/div>\n\t\t\t\n\n        <\/div><!-- .card-content -->\n\t\t    <\/a>\n    <div class=\"employee-social-links\"><ul class=\"mk-employeee-networks s_meta\"><li><a target=\"_blank\" href=\"mailto:&#122;&#46;g&#101;&#110;o&#118;&#97;.&#112;n&#64;&#104;&#101;a&#114;ta&#110;d&#98;&#114;a&#105;&#110;.&#98;g\" title=\"Get In Touch With Zornitsa Genova\"><i class=\"fa fa-envelope\"><\/i><\/a><\/li><\/ul><\/span><\/div>\n\n<\/article><!-- .card -->\n<article class=\"cpt-card employee-card\" itemscope itemtype=\"http:\/\/schema.org\/Person\">\n\t<link itemprop=\"sameAs\" href=\"https:\/\/test.cardiacinstitute.bg\/ro\/team\/silvia-uzunova\/\"\/>\n    <a href=\"https:\/\/test.cardiacinstitute.bg\/ro\/team\/silvia-uzunova\/\">\n\t\t        <picture class=\"thumbnail\">\n\t\t\t<img loading=\"lazy\" decoding=\"async\" width=\"500\" height=\"500\" src=\"https:\/\/test.cardiacinstitute.bg\/wp-content\/uploads\/2024\/11\/silvia-uzunova-500x500.jpg\" class=\"attachment-employees-large size-employees-large wp-post-image\" alt=\"\" srcset=\"https:\/\/test.cardiacinstitute.bg\/wp-content\/uploads\/2024\/11\/silvia-uzunova-500x500.jpg 500w, https:\/\/test.cardiacinstitute.bg\/wp-content\/uploads\/2024\/11\/silvia-uzunova-300x300.jpg 300w, https:\/\/test.cardiacinstitute.bg\/wp-content\/uploads\/2024\/11\/silvia-uzunova-150x150.jpg 150w, https:\/\/test.cardiacinstitute.bg\/wp-content\/uploads\/2024\/11\/silvia-uzunova-600x600.jpg 600w, https:\/\/test.cardiacinstitute.bg\/wp-content\/uploads\/2024\/11\/silvia-uzunova.jpg 555w\" sizes=\"(max-width: 500px) 100vw, 500px\" itemprop=\"image\" \/>        <\/picture>\n        <div class=\"cpt-card-content\">\n            <h2 itemprop=\"name\">Silvia Uzunova<\/h2>\n\t\t\t                <div itemprop=\"jobTitle\">asistent\u0103 \u0219ef\u0103<\/div>\n\t\t\t\n\t\t\t                <div itemprop=\"knowsAbout\"><\/div>\n\t\t\t\n\n        <\/div><!-- .card-content -->\n\t\t    <\/a>\n    <div class=\"employee-social-links\"><ul class=\"mk-employeee-networks s_meta\"><li><a target=\"_blank\" href=\"mailto:s&#46;u&#122;u&#110;o&#118;&#97;&#46;pn&#64;he&#97;rtand&#98;rai&#110;.&#98;&#103;\" title=\"Get In Touch With Silvia Uzunova\"><i class=\"fa fa-envelope\"><\/i><\/a><\/li><\/ul><\/span><\/div>\n\n<\/article><!-- .card -->            <\/div><!-- .cards -->\n\t\t\t<\/section><!-- .content-area -->[\/vc_column][\/vc_row]<\/p>\n<\/div>","protected":false},"excerpt":{"rendered":"<p>[mk_page_section bg_color=&#8221;#1e73be&#8221; padding_top=&#8221;40&#8243; padding_bottom=&#8221;40&#8243; sidebar=&#8221;sidebar-1&#8243;][vc_column][mk_fancy_title tag_name=&#8221;h4&#8243; color=&#8221;#ffffff&#8221; size=&#8221;48&#8243; force_font_size=&#8221;true&#8221; size_tablet=&#8221;40&#8243; font_weight=&#8221;400&#8243; txt_transform=&#8221;uppercase&#8221; margin_top=&#8221;15&#8243; margin_bottom=&#8221;0&#8243; font_family=&#8221;Open+Sans&#8221; font_type=&#8221;google&#8221; align=&#8221;center&#8221; animation=&#8221;top-to-bottom&#8221;]Radioterapie[\/mk_fancy_title][\/vc_column][\/mk_page_section][vc_row][vc_column][mk_padding_divider][vc_column_text css=&#8221;.vc_custom_1660830947398{margin-bottom: 0px !important;}&#8221;]Despre departament: Departamentul de Radioterapie folose\u0219te echipamente combinate de radioterapie de cea mai \u00eenalt\u0103 calitate: un Leksell Gamma Knife Icon \u2013 singurul cu\u021bit gamma din Bulgaria \u2013 \u0219i un accelerator liniar Elekta Versa HD, realizat [&hellip;]<\/p>\n","protected":false},"author":1,"featured_media":0,"parent":24710,"menu_order":6,"comment_status":"closed","ping_status":"closed","template":"full-width.php","meta":{"_acf_changed":false,"_eb_attr":"","rs_blank_template":"","rs_page_bg_color":"","slide_template_v7":"","footnotes":""},"class_list":["post-24774","page","type-page","status-publish","hentry"],"acf":[],"_links":{"self":[{"href":"https:\/\/test.cardiacinstitute.bg\/ro\/wp-json\/wp\/v2\/pages\/24774","targetHints":{"allow":["GET"]}}],"collection":[{"href":"https:\/\/test.cardiacinstitute.bg\/ro\/wp-json\/wp\/v2\/pages"}],"about":[{"href":"https:\/\/test.cardiacinstitute.bg\/ro\/wp-json\/wp\/v2\/types\/page"}],"author":[{"embeddable":true,"href":"https:\/\/test.cardiacinstitute.bg\/ro\/wp-json\/wp\/v2\/users\/1"}],"replies":[{"embeddable":true,"href":"https:\/\/test.cardiacinstitute.bg\/ro\/wp-json\/wp\/v2\/comments?post=24774"}],"version-history":[{"count":8,"href":"https:\/\/test.cardiacinstitute.bg\/ro\/wp-json\/wp\/v2\/pages\/24774\/revisions"}],"predecessor-version":[{"id":50140,"href":"https:\/\/test.cardiacinstitute.bg\/ro\/wp-json\/wp\/v2\/pages\/24774\/revisions\/50140"}],"up":[{"embeddable":true,"href":"https:\/\/test.cardiacinstitute.bg\/ro\/wp-json\/wp\/v2\/pages\/24710"}],"wp:attachment":[{"href":"https:\/\/test.cardiacinstitute.bg\/ro\/wp-json\/wp\/v2\/media?parent=24774"}],"curies":[{"name":"wp","href":"https:\/\/api.w.org\/{rel}","templated":true}]}}