{"id":22558,"date":"2022-07-28T11:29:09","date_gmt":"2022-07-28T11:29:09","guid":{"rendered":"https:\/\/test.cardiacinstitute.bg\/?page_id=22558"},"modified":"2025-02-17T10:41:14","modified_gmt":"2025-02-17T10:41:14","slug":"second-opinion-for-cancer-patients","status":"publish","type":"page","link":"https:\/\/test.cardiacinstitute.bg\/ro\/for-patients\/second-opinion\/second-opinion-for-cancer-patients\/","title":{"rendered":"A doua opinie pentru pacien\u021bi de cancer"},"content":{"rendered":"<div class=\"wpb-content-wrapper\"><p>[vc_row][vc_column][mk_fancy_title tag_name=&#8221;h4&#8243; color=&#8221;#1e73be&#8221; size=&#8221;36&#8243; force_font_size=&#8221;true&#8221; size_phone=&#8221;30&#8243; font_weight=&#8221;400&#8243; txt_transform=&#8221;uppercase&#8221; font_family=&#8221;Open+Sans&#8221; font_type=&#8221;google&#8221; animation=&#8221;top-to-bottom&#8221;]A doua opinie pentru pacien\u021bi de cancer[\/mk_fancy_title][vc_single_image image=&#8221;18605&#8243; img_size=&#8221;full&#8221; alignment=&#8221;center&#8221;][mk_padding_divider size=&#8221;60&#8243;][\/vc_column][\/vc_row][vc_row][vc_column][vc_column_text css=&#8221;.vc_custom_1659006159436{margin-bottom: 0px !important;}&#8221;]<strong>Centrul cuprinz\u0103tor de oncologie din \u201eInim\u0103 \u0219i creier\u201d Pleven<\/strong><\/p>\n<p><em>A doua opinie de la un specialist bazat\u0103 pe o abordare multidisciplinar\u0103 aprofundat\u0103<\/em><\/p>\n<p><strong>De ce caut\u0103 oamenii o a doua opinie?<\/strong><\/p>\n<p>Exist\u0103 mai multe motive pentru a ob\u021bine o a doua opinie de la un specialist din unul sau mai multe dintre urm\u0103toarele motive:<\/p>\n<ul>\n<li>Pentru a v\u0103 confirma diagnosticul<\/li>\n<li>Pentru a v\u0103 asigura c\u0103 primi\u021bi cel mai bun tratament;<\/li>\n<li>Pentru a confirma ceea ce vi s-a spus deja despre starea dumneavoastr\u0103 \u0219i tratament;<\/li>\n<li>Pentru c\u0103 nu po\u021bi vorbi liber sau suficient de detaliat cu medicul t\u0103u actual.<\/li>\n<\/ul>\n<p><strong>Avantajele a doua opinie la bolnavii de cancer<\/strong><\/p>\n<ul>\n<li>Sim\u021bi\u021bi-v\u0103 \u00eencrez\u0103tor c\u0103 diferi\u021bi medici sunt de acord cu diagnosticul \u0219i tratamentul dumneavoastr\u0103;<\/li>\n<li>Oportunitatea de a alege \u00eentre diferite alternative de tratament.<\/li>\n<\/ul>\n<p><strong>Documente necesare<\/strong><\/p>\n<p>epicriz\u0103 ini\u021bial\u0103, diagnostic definitoriu, localizare, stadiu, morfologie, posibil tratament de urm\u0103rire, investiga\u021bii (scanner non-interven\u021bional, RMN-5)[\/vc_column_text][mk_padding_divider size=&#8221;60&#8243;][\/vc_column][\/vc_row][vc_row][vc_column][vc_column_text css=&#8221;.vc_custom_1659007705608{margin-bottom: 0px !important;}&#8221;]<strong>Principalii no\u0219tri speciali\u0219ti<\/strong>[\/vc_column_text]\n<section class=\"content-area\">\n\t\t\n            <div class=\"cpt-cards column-four\">\n\t\t\t\t\n<article class=\"cpt-card employee-card\" itemscope itemtype=\"http:\/\/schema.org\/Person\">\n\t<link itemprop=\"sameAs\" href=\"https:\/\/test.cardiacinstitute.bg\/ro\/team\/natalia-chilingirova\/\"\/>\n    <a href=\"https:\/\/test.cardiacinstitute.bg\/ro\/team\/natalia-chilingirova\/\">\n\t\t        <picture class=\"thumbnail\">\n\t\t\t<img fetchpriority=\"high\" decoding=\"async\" width=\"500\" height=\"500\" src=\"https:\/\/test.cardiacinstitute.bg\/wp-content\/uploads\/2026\/02\/natalia-chilingirova-1-500x500.jpg\" class=\"attachment-employees-large size-employees-large wp-post-image\" alt=\"\" srcset=\"https:\/\/test.cardiacinstitute.bg\/wp-content\/uploads\/2026\/02\/natalia-chilingirova-1-500x500.jpg 500w, https:\/\/test.cardiacinstitute.bg\/wp-content\/uploads\/2026\/02\/natalia-chilingirova-1-300x300.jpg 300w, https:\/\/test.cardiacinstitute.bg\/wp-content\/uploads\/2026\/02\/natalia-chilingirova-1-150x150.jpg 150w, https:\/\/test.cardiacinstitute.bg\/wp-content\/uploads\/2026\/02\/natalia-chilingirova-1-600x600.jpg 600w, https:\/\/test.cardiacinstitute.bg\/wp-content\/uploads\/2026\/02\/natalia-chilingirova-1.jpg 555w\" sizes=\"(max-width: 500px) 100vw, 500px\" itemprop=\"image\" \/>        <\/picture>\n        <div class=\"cpt-card-content\">\n            <h2 itemprop=\"name\">Prof. Natalia Chilingirova, MD, PhD<\/h2>\n\t\t\t                <div itemprop=\"jobTitle\">medic oncolog<\/div>\n\t\t\t\n\t\t\t                <div itemprop=\"knowsAbout\"><\/div>\n\t\t\t\n\n        <\/div><!-- .card-content -->\n\t\t    <\/a>\n    <div class=\"employee-social-links\"><ul class=\"mk-employeee-networks s_meta\"><li><a target=\"_blank\" href=\"mailto:n.ch&#105;&#108;i&#110;&#103;i&#114;&#111;&#118;a&#46;p&#110;&#64;&#104;ea&#114;ta&#110;&#100;br&#97;&#105;n.&#98;g\" title=\"Get In Touch With Prof. Natalia Chilingirova, MD, PhD\"><i class=\"fa fa-envelope\"><\/i><\/a><\/li><\/ul><\/span><\/div>\n\n<\/article><!-- .card -->\n<article class=\"cpt-card employee-card\" itemscope itemtype=\"http:\/\/schema.org\/Person\">\n\t<link itemprop=\"sameAs\" href=\"https:\/\/test.cardiacinstitute.bg\/ro\/team\/asparuh-asparuhov\/\"\/>\n    <a href=\"https:\/\/test.cardiacinstitute.bg\/ro\/team\/asparuh-asparuhov\/\">\n\t\t        <picture class=\"thumbnail\">\n\t\t\t<img decoding=\"async\" width=\"500\" height=\"500\" src=\"https:\/\/test.cardiacinstitute.bg\/wp-content\/uploads\/2021\/03\/d-r-asparuh-asparuhov-500x500.jpg\" class=\"attachment-employees-large size-employees-large wp-post-image\" alt=\"\" srcset=\"https:\/\/test.cardiacinstitute.bg\/wp-content\/uploads\/2021\/03\/d-r-asparuh-asparuhov-500x500.jpg 500w, https:\/\/test.cardiacinstitute.bg\/wp-content\/uploads\/2021\/03\/d-r-asparuh-asparuhov-300x300.jpg 300w, https:\/\/test.cardiacinstitute.bg\/wp-content\/uploads\/2021\/03\/d-r-asparuh-asparuhov-150x150.jpg 150w, https:\/\/test.cardiacinstitute.bg\/wp-content\/uploads\/2021\/03\/d-r-asparuh-asparuhov-266x266.jpg 266w, https:\/\/test.cardiacinstitute.bg\/wp-content\/uploads\/2021\/03\/d-r-asparuh-asparuhov-600x600.jpg 600w, https:\/\/test.cardiacinstitute.bg\/wp-content\/uploads\/2021\/03\/d-r-asparuh-asparuhov.jpg 555w\" sizes=\"(max-width: 500px) 100vw, 500px\" itemprop=\"image\" \/>        <\/picture>\n        <div class=\"cpt-card-content\">\n            <h2 itemprop=\"name\">Prof. Asparuh Asparuhov<\/h2>\n\t\t\t                <div itemprop=\"jobTitle\">ortoped traumatolog<\/div>\n\t\t\t\n\t\t\t                <div itemprop=\"knowsAbout\"><\/div>\n\t\t\t\n\n        <\/div><!-- .card-content -->\n\t\t    <\/a>\n    <div class=\"employee-social-links\"><ul class=\"mk-employeee-networks s_meta\"><li><a target=\"_blank\" href=\"mailto:&#97;.&#97;sp&#97;&#114;&#117;ho&#118;&#46;pn&#64;&#104;e&#97;&#114;t&#97;n&#100;br&#97;&#105;&#110;&#46;b&#103;\" title=\"Get In Touch With Prof. Asparuh Asparuhov\"><i class=\"fa fa-envelope\"><\/i><\/a><\/li><\/ul><\/span><\/div>\n\n<\/article><!-- .card -->\n<article class=\"cpt-card employee-card\" itemscope itemtype=\"http:\/\/schema.org\/Person\">\n\t<link itemprop=\"sameAs\" href=\"https:\/\/test.cardiacinstitute.bg\/ro\/team\/dimitar-harit%d0%benov\/\"\/>\n    <a href=\"https:\/\/test.cardiacinstitute.bg\/ro\/team\/dimitar-harit%d0%benov\/\">\n\t\t        <picture class=\"thumbnail\">\n\t\t\t<img decoding=\"async\" width=\"500\" height=\"500\" src=\"https:\/\/test.cardiacinstitute.bg\/wp-content\/uploads\/2018\/03\/d-r-dimitar-haritonov-500x500.jpg\" class=\"attachment-employees-large size-employees-large wp-post-image\" alt=\"\" srcset=\"https:\/\/test.cardiacinstitute.bg\/wp-content\/uploads\/2018\/03\/d-r-dimitar-haritonov-500x500.jpg 500w, https:\/\/test.cardiacinstitute.bg\/wp-content\/uploads\/2018\/03\/d-r-dimitar-haritonov-150x150.jpg 150w, https:\/\/test.cardiacinstitute.bg\/wp-content\/uploads\/2018\/03\/d-r-dimitar-haritonov-300x300.jpg 300w, https:\/\/test.cardiacinstitute.bg\/wp-content\/uploads\/2018\/03\/d-r-dimitar-haritonov-266x266.jpg 266w, https:\/\/test.cardiacinstitute.bg\/wp-content\/uploads\/2018\/03\/d-r-dimitar-haritonov-600x600.jpg 600w, https:\/\/test.cardiacinstitute.bg\/wp-content\/uploads\/2018\/03\/d-r-dimitar-haritonov.jpg 555w\" sizes=\"(max-width: 500px) 100vw, 500px\" itemprop=\"image\" \/>        <\/picture>\n        <div class=\"cpt-card-content\">\n            <h2 itemprop=\"name\">Assoc. Prof. Dimitar Harit\u043enov, MD<\/h2>\n\t\t\t                <div itemprop=\"jobTitle\">neurochirurg<\/div>\n\t\t\t\n\t\t\t                <div itemprop=\"knowsAbout\"><\/div>\n\t\t\t\n\n        <\/div><!-- .card-content -->\n\t\t    <\/a>\n    <div class=\"employee-social-links\"><ul class=\"mk-employeee-networks s_meta\"><li><a target=\"_blank\" href=\"mailto:d.ha&#114;&#105;tono&#118;&#64;&#104;&#101;art&#97;n&#100;b&#114;ai&#110;&#46;&#98;&#103;\" title=\"Get In Touch With Assoc. Prof. Dimitar Harit\u043enov, MD\"><i class=\"fa fa-envelope\"><\/i><\/a><\/li><\/ul><\/span><\/div>\n\n<\/article><!-- .card -->\n<article class=\"cpt-card employee-card\" itemscope itemtype=\"http:\/\/schema.org\/Person\">\n\t<link itemprop=\"sameAs\" href=\"https:\/\/test.cardiacinstitute.bg\/ro\/team\/nikola-bildirev\/\"\/>\n    <a href=\"https:\/\/test.cardiacinstitute.bg\/ro\/team\/nikola-bildirev\/\">\n\t\t        <picture class=\"thumbnail\">\n\t\t\t<img loading=\"lazy\" decoding=\"async\" width=\"500\" height=\"500\" src=\"https:\/\/test.cardiacinstitute.bg\/wp-content\/uploads\/2021\/03\/d-r-nikola-bildirev-500x500.jpg\" class=\"attachment-employees-large size-employees-large wp-post-image\" alt=\"\" srcset=\"https:\/\/test.cardiacinstitute.bg\/wp-content\/uploads\/2021\/03\/d-r-nikola-bildirev-500x500.jpg 500w, https:\/\/test.cardiacinstitute.bg\/wp-content\/uploads\/2021\/03\/d-r-nikola-bildirev-300x300.jpg 300w, https:\/\/test.cardiacinstitute.bg\/wp-content\/uploads\/2021\/03\/d-r-nikola-bildirev-150x150.jpg 150w, https:\/\/test.cardiacinstitute.bg\/wp-content\/uploads\/2021\/03\/d-r-nikola-bildirev-266x266.jpg 266w, https:\/\/test.cardiacinstitute.bg\/wp-content\/uploads\/2021\/03\/d-r-nikola-bildirev-600x600.jpg 600w, https:\/\/test.cardiacinstitute.bg\/wp-content\/uploads\/2021\/03\/d-r-nikola-bildirev.jpg 555w\" sizes=\"(max-width: 500px) 100vw, 500px\" itemprop=\"image\" \/>        <\/picture>\n        <div class=\"cpt-card-content\">\n            <h2 itemprop=\"name\">Nikola Bildirev, MD<\/h2>\n\t\t\t                <div itemprop=\"jobTitle\">oncolog radioterapie<\/div>\n\t\t\t\n\t\t\t                <div itemprop=\"knowsAbout\"><\/div>\n\t\t\t\n\n        <\/div><!-- .card-content -->\n\t\t    <\/a>\n    <div class=\"employee-social-links\"><ul class=\"mk-employeee-networks s_meta\"><li><a target=\"_blank\" href=\"mailto:n&#46;&#98;&#105;&#108;&#100;i&#114;ev&#46;p&#110;&#64;h&#101;&#97;&#114;tand&#98;&#114;&#97;&#105;n.&#98;g\" title=\"Get In Touch With Nikola Bildirev, MD\"><i class=\"fa fa-envelope\"><\/i><\/a><\/li><\/ul><\/span><\/div>\n\n<\/article><!-- .card -->\n<article class=\"cpt-card employee-card\" itemscope itemtype=\"http:\/\/schema.org\/Person\">\n\t<link itemprop=\"sameAs\" href=\"https:\/\/test.cardiacinstitute.bg\/ro\/team\/danail-damyanov\/\"\/>\n    <a href=\"https:\/\/test.cardiacinstitute.bg\/ro\/team\/danail-damyanov\/\">\n\t\t        <picture class=\"thumbnail\">\n\t\t\t<img loading=\"lazy\" decoding=\"async\" width=\"500\" height=\"500\" src=\"https:\/\/test.cardiacinstitute.bg\/wp-content\/uploads\/2022\/06\/dr-danail-damyanov-500x500.jpg\" class=\"attachment-employees-large size-employees-large wp-post-image\" alt=\"\" srcset=\"https:\/\/test.cardiacinstitute.bg\/wp-content\/uploads\/2022\/06\/dr-danail-damyanov-500x500.jpg 500w, https:\/\/test.cardiacinstitute.bg\/wp-content\/uploads\/2022\/06\/dr-danail-damyanov-300x300.jpg 300w, https:\/\/test.cardiacinstitute.bg\/wp-content\/uploads\/2022\/06\/dr-danail-damyanov-150x150.jpg 150w, https:\/\/test.cardiacinstitute.bg\/wp-content\/uploads\/2022\/06\/dr-danail-damyanov-266x266.jpg 266w, https:\/\/test.cardiacinstitute.bg\/wp-content\/uploads\/2022\/06\/dr-danail-damyanov-600x600.jpg 600w, https:\/\/test.cardiacinstitute.bg\/wp-content\/uploads\/2022\/06\/dr-danail-damyanov.jpg 555w\" sizes=\"(max-width: 500px) 100vw, 500px\" itemprop=\"image\" \/>        <\/picture>\n        <div class=\"cpt-card-content\">\n            <h2 itemprop=\"name\">Danail Damyanov, MD<\/h2>\n\t\t\t                <div itemprop=\"jobTitle\">medic oncolog<\/div>\n\t\t\t\n\t\t\t                <div itemprop=\"knowsAbout\"><\/div>\n\t\t\t\n\n        <\/div><!-- .card-content -->\n\t\t    <\/a>\n    <div class=\"employee-social-links\"><ul class=\"mk-employeee-networks s_meta\"><li><a target=\"_blank\" href=\"mailto:d&#46;d&#97;m&#121;an&#111;v.p&#110;&#64;&#104;ea&#114;t&#97;&#110;&#100;&#98;&#114;&#97;&#105;n&#46;b&#103;\" title=\"Get In Touch With Danail Damyanov, MD\"><i class=\"fa fa-envelope\"><\/i><\/a><\/li><\/ul><\/span><\/div>\n\n<\/article><!-- .card -->\n<article class=\"cpt-card employee-card\" itemscope itemtype=\"http:\/\/schema.org\/Person\">\n\t<link itemprop=\"sameAs\" href=\"https:\/\/test.cardiacinstitute.bg\/ro\/team\/ilia-krachunov\/\"\/>\n    <a href=\"https:\/\/test.cardiacinstitute.bg\/ro\/team\/ilia-krachunov\/\">\n\t\t        <picture class=\"thumbnail\">\n\t\t\t<img loading=\"lazy\" decoding=\"async\" width=\"500\" height=\"500\" src=\"https:\/\/test.cardiacinstitute.bg\/wp-content\/uploads\/2023\/05\/ilia-krachunov-500x500.jpg\" class=\"attachment-employees-large size-employees-large wp-post-image\" alt=\"\" srcset=\"https:\/\/test.cardiacinstitute.bg\/wp-content\/uploads\/2023\/05\/ilia-krachunov-500x500.jpg 500w, https:\/\/test.cardiacinstitute.bg\/wp-content\/uploads\/2023\/05\/ilia-krachunov-300x300.jpg 300w, https:\/\/test.cardiacinstitute.bg\/wp-content\/uploads\/2023\/05\/ilia-krachunov-150x150.jpg 150w, https:\/\/test.cardiacinstitute.bg\/wp-content\/uploads\/2023\/05\/ilia-krachunov-600x600.jpg 600w, https:\/\/test.cardiacinstitute.bg\/wp-content\/uploads\/2023\/05\/ilia-krachunov.jpg 555w\" sizes=\"(max-width: 500px) 100vw, 500px\" itemprop=\"image\" \/>        <\/picture>\n        <div class=\"cpt-card-content\">\n            <h2 itemprop=\"name\">Ilia Krachunov, MD<\/h2>\n\t\t\t                <div itemprop=\"jobTitle\">pulmonolog<\/div>\n\t\t\t\n\t\t\t                <div itemprop=\"knowsAbout\"><\/div>\n\t\t\t\n\n        <\/div><!-- .card-content -->\n\t\t    <\/a>\n    <div class=\"employee-social-links\"><ul class=\"mk-employeee-networks s_meta\"><li><a target=\"_blank\" href=\"mailto:&#105;.&#107;&#114;&#97;ch&#117;nov&#46;p&#110;&#64;&#104;ea&#114;&#116;a&#110;d&#98;&#114;ain.&#98;g\" title=\"Get In Touch With Ilia Krachunov, MD\"><i class=\"fa fa-envelope\"><\/i><\/a><\/li><\/ul><\/span><\/div>\n\n<\/article><!-- .card -->\n<article class=\"cpt-card employee-card\" itemscope itemtype=\"http:\/\/schema.org\/Person\">\n\t<link itemprop=\"sameAs\" href=\"https:\/\/test.cardiacinstitute.bg\/ro\/team\/emil-filipov\/\"\/>\n    <a href=\"https:\/\/test.cardiacinstitute.bg\/ro\/team\/emil-filipov\/\">\n\t\t        <picture class=\"thumbnail\">\n\t\t\t<img loading=\"lazy\" decoding=\"async\" width=\"500\" height=\"500\" src=\"https:\/\/test.cardiacinstitute.bg\/wp-content\/uploads\/2021\/03\/d-r-emil-filipov-500x500.jpg\" class=\"attachment-employees-large size-employees-large wp-post-image\" alt=\"\" srcset=\"https:\/\/test.cardiacinstitute.bg\/wp-content\/uploads\/2021\/03\/d-r-emil-filipov-500x500.jpg 500w, https:\/\/test.cardiacinstitute.bg\/wp-content\/uploads\/2021\/03\/d-r-emil-filipov-300x300.jpg 300w, https:\/\/test.cardiacinstitute.bg\/wp-content\/uploads\/2021\/03\/d-r-emil-filipov-150x150.jpg 150w, https:\/\/test.cardiacinstitute.bg\/wp-content\/uploads\/2021\/03\/d-r-emil-filipov-266x266.jpg 266w, https:\/\/test.cardiacinstitute.bg\/wp-content\/uploads\/2021\/03\/d-r-emil-filipov-600x600.jpg 600w, https:\/\/test.cardiacinstitute.bg\/wp-content\/uploads\/2021\/03\/d-r-emil-filipov.jpg 555w\" sizes=\"(max-width: 500px) 100vw, 500px\" itemprop=\"image\" \/>        <\/picture>\n        <div class=\"cpt-card-content\">\n            <h2 itemprop=\"name\">Emil Filipov, MD<\/h2>\n\t\t\t                <div itemprop=\"jobTitle\">chirurg<\/div>\n\t\t\t\n\t\t\t                <div itemprop=\"knowsAbout\"><\/div>\n\t\t\t\n\n        <\/div><!-- .card-content -->\n\t\t    <\/a>\n    <div class=\"employee-social-links\"><ul class=\"mk-employeee-networks s_meta\"><li><a target=\"_blank\" href=\"mailto:e&#46;fi&#108;ip&#111;v&#46;&#112;n&#64;h&#101;a&#114;t&#97;ndb&#114;&#97;&#105;n&#46;bg\" title=\"Get In Touch With Emil Filipov, MD\"><i class=\"fa fa-envelope\"><\/i><\/a><\/li><\/ul><\/span><\/div>\n\n<\/article><!-- .card -->\n<article class=\"cpt-card employee-card\" itemscope itemtype=\"http:\/\/schema.org\/Person\">\n\t<link itemprop=\"sameAs\" href=\"https:\/\/test.cardiacinstitute.bg\/ro\/team\/polina-dimitrova\/\"\/>\n    <a href=\"https:\/\/test.cardiacinstitute.bg\/ro\/team\/polina-dimitrova\/\">\n\t\t        <picture class=\"thumbnail\">\n\t\t\t<img loading=\"lazy\" decoding=\"async\" width=\"500\" height=\"500\" src=\"https:\/\/test.cardiacinstitute.bg\/wp-content\/uploads\/2023\/11\/polina-damyanova-dimitrova-500x500.jpg\" class=\"attachment-employees-large size-employees-large wp-post-image\" alt=\"\" srcset=\"https:\/\/test.cardiacinstitute.bg\/wp-content\/uploads\/2023\/11\/polina-damyanova-dimitrova-500x500.jpg 500w, https:\/\/test.cardiacinstitute.bg\/wp-content\/uploads\/2023\/11\/polina-damyanova-dimitrova-300x300.jpg 300w, https:\/\/test.cardiacinstitute.bg\/wp-content\/uploads\/2023\/11\/polina-damyanova-dimitrova-150x150.jpg 150w, https:\/\/test.cardiacinstitute.bg\/wp-content\/uploads\/2023\/11\/polina-damyanova-dimitrova-600x600.jpg 600w, https:\/\/test.cardiacinstitute.bg\/wp-content\/uploads\/2023\/11\/polina-damyanova-dimitrova.jpg 555w\" sizes=\"(max-width: 500px) 100vw, 500px\" itemprop=\"image\" \/>        <\/picture>\n        <div class=\"cpt-card-content\">\n            <h2 itemprop=\"name\">Polina Damyanova Dimitrova, MD<\/h2>\n\t\t\t                <div itemprop=\"jobTitle\">patolog<\/div>\n\t\t\t\n\t\t\t                <div itemprop=\"knowsAbout\"><\/div>\n\t\t\t\n\n        <\/div><!-- .card-content -->\n\t\t    <\/a>\n    <div class=\"employee-social-links\"><ul class=\"mk-employeee-networks s_meta\"><li><a target=\"_blank\" href=\"mailto:&#112;.dim&#105;tr&#111;&#118;a.p&#110;&#64;he&#97;r&#116;&#97;nd&#98;r&#97;i&#110;&#46;bg\" title=\"Get In Touch With Polina Damyanova Dimitrova, MD\"><i class=\"fa fa-envelope\"><\/i><\/a><\/li><\/ul><\/span><\/div>\n\n<\/article><!-- .card -->\n<article class=\"cpt-card employee-card\" itemscope itemtype=\"http:\/\/schema.org\/Person\">\n\t<link itemprop=\"sameAs\" href=\"https:\/\/test.cardiacinstitute.bg\/ro\/team\/vladimir-chakarov\/\"\/>\n    <a href=\"https:\/\/test.cardiacinstitute.bg\/ro\/team\/vladimir-chakarov\/\">\n\t\t        <picture class=\"thumbnail\">\n\t\t\t<img loading=\"lazy\" decoding=\"async\" width=\"500\" height=\"500\" src=\"https:\/\/test.cardiacinstitute.bg\/wp-content\/uploads\/2024\/02\/vladimir-chakarov-500x500.jpg\" class=\"attachment-employees-large size-employees-large wp-post-image\" alt=\"\" srcset=\"https:\/\/test.cardiacinstitute.bg\/wp-content\/uploads\/2024\/02\/vladimir-chakarov-500x500.jpg 500w, https:\/\/test.cardiacinstitute.bg\/wp-content\/uploads\/2024\/02\/vladimir-chakarov-300x300.jpg 300w, https:\/\/test.cardiacinstitute.bg\/wp-content\/uploads\/2024\/02\/vladimir-chakarov-150x150.jpg 150w, https:\/\/test.cardiacinstitute.bg\/wp-content\/uploads\/2024\/02\/vladimir-chakarov-600x600.jpg 600w, https:\/\/test.cardiacinstitute.bg\/wp-content\/uploads\/2024\/02\/vladimir-chakarov.jpg 555w\" sizes=\"(max-width: 500px) 100vw, 500px\" itemprop=\"image\" \/>        <\/picture>\n        <div class=\"cpt-card-content\">\n            <h2 itemprop=\"name\">Vladimir Chakarov, MD<\/h2>\n\t\t\t                <div itemprop=\"jobTitle\">chirurg toracic<\/div>\n\t\t\t\n\t\t\t                <div itemprop=\"knowsAbout\"><\/div>\n\t\t\t\n\n        <\/div><!-- .card-content -->\n\t\t    <\/a>\n    <div class=\"employee-social-links\"><ul class=\"mk-employeee-networks s_meta\"><li><a target=\"_blank\" href=\"mailto:v&#46;ch&#97;ka&#114;&#111;&#118;&#46;&#112;&#110;&#64;&#104;e&#97;rt&#97;n&#100;b&#114;&#97;&#105;&#110;.&#98;&#103;\" title=\"Get In Touch With Vladimir Chakarov, MD\"><i class=\"fa fa-envelope\"><\/i><\/a><\/li><\/ul><\/span><\/div>\n\n<\/article><!-- .card -->            <\/div><!-- .cards -->\n\t\t\t<\/section><!-- .content-area -->[mk_padding_divider][vc_column_text css=&#8221;.vc_custom_1739788871565{margin-bottom: 0px !important;}&#8221;]<strong>Pentru mai multe informa\u021bii \u0219i documenta\u021bie:<\/strong> Dna Viktoria Petrova: 064 678 466, <a href=\"mailto:v.petrova.pn@test.cardiacinstitute.bg\">v.petrova.pn@test.cardiacinstitute.bg<\/a>[\/vc_column_text][\/vc_column][\/vc_row]<\/p>\n<\/div>","protected":false},"excerpt":{"rendered":"<p>[vc_row][vc_column][mk_fancy_title tag_name=&#8221;h4&#8243; color=&#8221;#1e73be&#8221; size=&#8221;36&#8243; force_font_size=&#8221;true&#8221; size_phone=&#8221;30&#8243; font_weight=&#8221;400&#8243; txt_transform=&#8221;uppercase&#8221; font_family=&#8221;Open+Sans&#8221; font_type=&#8221;google&#8221; animation=&#8221;top-to-bottom&#8221;]A doua opinie pentru pacien\u021bi de cancer[\/mk_fancy_title][vc_single_image image=&#8221;18605&#8243; img_size=&#8221;full&#8221; alignment=&#8221;center&#8221;][mk_padding_divider size=&#8221;60&#8243;][\/vc_column][\/vc_row][vc_row][vc_column][vc_column_text css=&#8221;.vc_custom_1659006159436{margin-bottom: 0px !important;}&#8221;]Centrul cuprinz\u0103tor de oncologie din \u201eInim\u0103 \u0219i creier\u201d Pleven A doua opinie de la un specialist bazat\u0103 pe o abordare multidisciplinar\u0103 aprofundat\u0103 De ce caut\u0103 oamenii o a doua opinie? Exist\u0103 mai [&hellip;]<\/p>\n","protected":false},"author":1,"featured_media":0,"parent":22562,"menu_order":0,"comment_status":"closed","ping_status":"closed","template":"full-width.php","meta":{"_acf_changed":false,"_eb_attr":"","rs_blank_template":"","rs_page_bg_color":"","slide_template_v7":"","footnotes":""},"class_list":["post-22558","page","type-page","status-publish","hentry"],"acf":[],"_links":{"self":[{"href":"https:\/\/test.cardiacinstitute.bg\/ro\/wp-json\/wp\/v2\/pages\/22558","targetHints":{"allow":["GET"]}}],"collection":[{"href":"https:\/\/test.cardiacinstitute.bg\/ro\/wp-json\/wp\/v2\/pages"}],"about":[{"href":"https:\/\/test.cardiacinstitute.bg\/ro\/wp-json\/wp\/v2\/types\/page"}],"author":[{"embeddable":true,"href":"https:\/\/test.cardiacinstitute.bg\/ro\/wp-json\/wp\/v2\/users\/1"}],"replies":[{"embeddable":true,"href":"https:\/\/test.cardiacinstitute.bg\/ro\/wp-json\/wp\/v2\/comments?post=22558"}],"version-history":[{"count":7,"href":"https:\/\/test.cardiacinstitute.bg\/ro\/wp-json\/wp\/v2\/pages\/22558\/revisions"}],"predecessor-version":[{"id":50638,"href":"https:\/\/test.cardiacinstitute.bg\/ro\/wp-json\/wp\/v2\/pages\/22558\/revisions\/50638"}],"up":[{"embeddable":true,"href":"https:\/\/test.cardiacinstitute.bg\/ro\/wp-json\/wp\/v2\/pages\/22562"}],"wp:attachment":[{"href":"https:\/\/test.cardiacinstitute.bg\/ro\/wp-json\/wp\/v2\/media?parent=22558"}],"curies":[{"name":"wp","href":"https:\/\/api.w.org\/{rel}","templated":true}]}}